{"id":591,"date":"2025-05-05T08:16:05","date_gmt":"2025-05-05T08:16:05","guid":{"rendered":"https:\/\/equipementsprogoedert.dev.apps.lu\/datenschutzerklaerung\/"},"modified":"2025-09-22T09:06:27","modified_gmt":"2025-09-22T09:06:27","slug":"datenschutzerklaerung","status":"publish","type":"page","link":"https:\/\/equipementsprogoedert.dev.apps.lu\/de\/datenschutzerklaerung\/","title":{"rendered":"Datenschutzerkl\u00e4rung"},"content":{"rendered":"<div class=\"et_pb_section_0 et_pb_section et_section_regular et_block_section\">\n<div class=\"et_pb_row_0 et_pb_row et_block_row\">\n<div class=\"et_pb_column_0 et_pb_column et_pb_column_4_4 et-last-child et_block_column et_pb_css_mix_blend_mode_passthrough\">\n<div class=\"et_pb_text_0 et_pb_text et_pb_bg_layout_light et_pb_module et_flex_module\"><div class=\"et_pb_text_inner\"><h1 data-start=\"437\" data-end=\"459\">Datenschutzerkl\u00e4rung<\/h1>\n<p data-start=\"221\" data-end=\"435\">Das Unternehmen <strong data-start=\"232\" data-end=\"267\">Equipements Pro Goedert S.\u00e0.r.l<\/strong> legt gro\u00dfen Wert auf den Schutz Ihrer pers\u00f6nlichen Daten.<br data-start=\"342\" data-end=\"345\">Diese Website ist eine Pr\u00e4sentationsseite, die unsere Dienstleistungen und Produkte vorstellen soll.<\/p>\n<h3 data-start=\"114\" data-end=\"138\">Gesammelte Daten<\/h3>\n<p data-start=\"140\" data-end=\"224\">Es werden keine personenbezogenen Daten (Name, Vorname, Adresse usw.) auf dieser Website gesammelt.<\/p>\n<p data-start=\"226\" data-end=\"311\">Wir haben kein Registrierungssystem, keinen Mitgliederbereich und kein Benutzerkonto.<\/p>\n<p data-start=\"313\" data-end=\"634\">Es k\u00f6nnen lediglich <strong data-start=\"332\" data-end=\"360\">anonyme und statistische<\/strong> Daten automatisch erfasst werden (zum Beispiel: Anzahl der Besuche, aufgerufene Seiten, Ger\u00e4tetyp oder Browser). Diese Informationen dienen ausschlie\u00dflich der Verbesserung der Benutzererfahrung und erm\u00f6glichen in keinem Fall die pers\u00f6nliche Identifizierung eines Besuchers. <\/p>\n<p data-start=\"636\" data-end=\"801\">Diese Statistiken werden mit dem Tool <strong data-start=\"690\" data-end=\"700\">Matomo<\/strong> erfasst, das auf unseren eigenen Servern installiert ist.<br data-start=\"736\" data-end=\"739\">Matomo ist im <strong data-start=\"768\" data-end=\"781\">anonymisierten<\/strong> Modus und ohne Cookies konfiguriert:<\/p>\n<ul data-start=\"802\" data-end=\"974\">\n<li data-start=\"802\" data-end=\"881\">\n<p data-start=\"804\" data-end=\"881\">die IP-Adressen werden gek\u00fcrzt, um einen Benutzer niemals zu identifizieren,<\/p>\n<\/li>\n<li data-start=\"882\" data-end=\"927\">\n<p data-start=\"884\" data-end=\"927\">es werden keine pers\u00f6nlichen Identifikatoren gespeichert,<\/p>\n<\/li>\n<li data-start=\"928\" data-end=\"974\">\n<p data-start=\"930\" data-end=\"974\">es werden keine Daten an Dritte weitergegeben.<\/p>\n<\/li>\n<\/ul>\n<h3 data-start=\"981\" data-end=\"1014\">Nutzung und Speicherung<\/h3>\n<p data-start=\"1016\" data-end=\"1310\">Die \u00fcber Matomo gesammelten anonymen Daten werden ausschlie\u00dflich f\u00fcr interne statistische Zwecke verwendet.<br data-start=\"1121\" data-end=\"1124\">Sie werden weder verkauft noch an Dritte weitergegeben.<br data-start=\"1178\" data-end=\"1181\">Sie werden nur so lange aufbewahrt, wie es f\u00fcr die Erf\u00fcllung dieser Zwecke erforderlich ist, und anschlie\u00dfend gel\u00f6scht oder anonymisiert.<\/p>\n<h3 data-start=\"1273\" data-end=\"1284\">Cookies<\/h3>\n<p data-start=\"1285\" data-end=\"1502\">Die Website kann technische und analytische Cookies verwenden, die f\u00fcr den Betrieb und die Reichweitenmessung unbedingt erforderlich sind.<br data-start=\"1413\" data-end=\"1416\">Sie k\u00f6nnen Ihren Browser so konfigurieren, dass er Cookies ablehnt, wenn Sie dies w\u00fcnschen.<\/p>\n<h3 data-start=\"1504\" data-end=\"1533\">Verantwortlicher f\u00fcr die Datenverarbeitung<\/h3>\n<p data-start=\"1534\" data-end=\"1737\">Equipements Pro Goedert S.\u00e0.r.l<br data-start=\"1565\" data-end=\"1568\">30G, rue de Niederpallen<br data-start=\"1592\" data-end=\"1595\">Z.A. Soluplat<br data-start=\"1608\" data-end=\"1611\">L-8501 REDANGE\/ATTERT \u2013 Luxembourg<br data-start=\"1645\" data-end=\"1648\">Tel. ++352 20 28 32 66<br data-start=\"1670\" data-end=\"1673\">GSM: ++352 691 42 43 44<br data-start=\"1696\" data-end=\"1699\">E-Mail: <a data-start=\"1707\" data-end=\"1737\" class=\"decorated-link cursor-pointer\" rel=\"noopener\">info@equipementsprogoedert.com<span aria-hidden=\"true\" class=\"ms-0.5 inline-block align-middle leading-none\"><svg width=\"20\" height=\"20\" viewbox=\"0 0 20 20\" fill=\"currentColor\" xmlns=\"http:\/\/www.w3.org\/2000\/svg\" data-rtl-flip=\"\" class=\"block h-[0.75em] w-[0.75em] stroke-current stroke-[0.75]\"><path d=\"M14.3349 13.3301V6.60645L5.47065 15.4707C5.21095 15.7304 4.78895 15.7304 4.52925 15.4707C4.26955 15.211 4.26955 14.789 4.52925 14.5293L13.3935 5.66504H6.66011C6.29284 5.66504 5.99507 5.36727 5.99507 5C5.99507 4.63273 6.29284 4.33496 6.66011 4.33496H14.9999L15.1337 4.34863C15.4369 4.41057 15.665 4.67857 15.665 5V13.3301C15.6649 13.6973 15.3672 13.9951 14.9999 13.9951C14.6327 13.9951 14.335 13.6973 14.3349 13.3301Z\"><\/path><\/svg><\/span><\/a> <\/p>\n<h3 data-start=\"1739\" data-end=\"1754\">Hosting<\/h3>\n<p data-start=\"1755\" data-end=\"2072\">Unsere Website wird gehostet von <strong data-start=\"1782\" data-end=\"1805\">Hetzner Online GmbH<\/strong>, Industriestr. 25, 91710 Gunzenhausen, Deutschland.<br data-start=\"1855\" data-end=\"1858\">Im Rahmen des Hostings k\u00f6nnen technische Daten (wie IP-Adressen und Verbindungsprotokolle) von Hetzner gem\u00e4\u00df der europ\u00e4ischen Datenschutzgesetzgebung verarbeitet werden. <\/p>\n<h3 data-start=\"2074\" data-end=\"2088\">Ihre Rechte<\/h3>\n<p data-start=\"2089\" data-end=\"2394\">Gem\u00e4\u00df der Datenschutz-Grundverordnung (DSGVO) haben Sie das Recht auf Auskunft, Berichtigung, L\u00f6schung oder Einschr\u00e4nkung der Verarbeitung Ihrer personenbezogenen Daten.<br data-start=\"2289\" data-end=\"2292\">Zur Aus\u00fcbung dieser Rechte k\u00f6nnen Sie uns unter folgender Adresse kontaktieren: <strong data-start=\"2358\" data-end=\"2392\"><a data-start=\"2360\" data-end=\"2390\" class=\"decorated-link cursor-pointer\" rel=\"noopener\">info@equipementsprogoedert.com<span aria-hidden=\"true\" class=\"ms-0.5 inline-block align-middle leading-none\"><svg width=\"20\" height=\"20\" viewbox=\"0 0 20 20\" fill=\"currentColor\" xmlns=\"http:\/\/www.w3.org\/2000\/svg\" data-rtl-flip=\"\" class=\"block h-[0.75em] w-[0.75em] stroke-current stroke-[0.75]\"><path d=\"M14.3349 13.3301V6.60645L5.47065 15.4707C5.21095 15.7304 4.78895 15.7304 4.52925 15.4707C4.26955 15.211 4.26955 14.789 4.52925 14.5293L13.3935 5.66504H6.66011C6.29284 5.66504 5.99507 5.36727 5.99507 5C5.99507 4.63273 6.29284 4.33496 6.66011 4.33496H14.9999L15.1337 4.34863C15.4369 4.41057 15.665 4.67857 15.665 5V13.3301C15.6649 13.6973 15.3672 13.9951 14.9999 13.9951C14.6327 13.9951 14.335 13.6973 14.3349 13.3301Z\"><\/path><\/svg><\/span><\/a><\/strong><\/p>\n<p data-start=\"2396\" data-end=\"2605\">Sie haben auch das Recht, eine Beschwerde bei der zust\u00e4ndigen Aufsichtsbeh\u00f6rde in Luxemburg einzureichen:<br data-start=\"2513\" data-end=\"2516\"><strong data-start=\"2516\" data-end=\"2578\">Nationale Kommission f\u00fcr den Datenschutz (CNPD)<\/strong> \u2013 <a data-start=\"2581\" data-end=\"2603\" rel=\"noopener\" target=\"_new\" class=\"decorated-link cursor-pointer\">https:\/\/cnpd.public.lu<span aria-hidden=\"true\" class=\"ms-0.5 inline-block align-middle leading-none\"><svg width=\"20\" height=\"20\" viewbox=\"0 0 20 20\" fill=\"currentColor\" xmlns=\"http:\/\/www.w3.org\/2000\/svg\" data-rtl-flip=\"\" class=\"block h-[0.75em] w-[0.75em] stroke-current stroke-[0.75]\"><path d=\"M14.3349 13.3301V6.60645L5.47065 15.4707C5.21095 15.7304 4.78895 15.7304 4.52925 15.4707C4.26955 15.211 4.26955 14.789 4.52925 14.5293L13.3935 5.66504H6.66011C6.29284 5.66504 5.99507 5.36727 5.99507 5C5.99507 4.63273 6.29284 4.33496 6.66011 4.33496H14.9999L15.1337 4.34863C15.4369 4.41057 15.665 4.67857 15.665 5V13.3301C15.6649 13.6973 15.3672 13.9951 14.9999 13.9951C14.6327 13.9951 14.335 13.6973 14.3349 13.3301Z\"><\/path><\/svg><\/span><\/a><\/p>\n<\/div><\/div>\n<\/div>\n<\/div>\n<\/div>","protected":false},"excerpt":{"rendered":"","protected":false},"author":1,"featured_media":0,"parent":0,"menu_order":0,"comment_status":"closed","ping_status":"closed","template":"","meta":{"footnotes":""},"class_list":["post-591","page","type-page","status-publish","hentry"],"yoast_head":"<!-- This site is optimized with the Yoast SEO plugin v27.3 - https:\/\/yoast.com\/product\/yoast-seo-wordpress\/ -->\n<title>Datenschutzerkl\u00e4rung - Equipements Pro Goedert<\/title>\n<meta name=\"robots\" content=\"noindex, follow, max-snippet:-1, max-image-preview:large, max-video-preview:-1\" \/>\n<meta property=\"og:locale\" content=\"de_DE\" \/>\n<meta property=\"og:type\" content=\"article\" \/>\n<meta property=\"og:title\" content=\"Datenschutzerkl\u00e4rung - Equipements Pro Goedert\" \/>\n<meta property=\"og:url\" content=\"https:\/\/equipementsprogoedert.dev.apps.lu\/de\/datenschutzerklaerung\/\" \/>\n<meta property=\"og:site_name\" content=\"Equipements Pro Goedert\" \/>\n<meta property=\"article:modified_time\" content=\"2025-09-22T09:06:27+00:00\" \/>\n<meta name=\"twitter:card\" content=\"summary_large_image\" \/>\n<script type=\"application\/ld+json\" class=\"yoast-schema-graph\">{\"@context\":\"https:\\\/\\\/schema.org\",\"@graph\":[{\"@type\":\"WebPage\",\"@id\":\"https:\\\/\\\/equipementsprogoedert.dev.apps.lu\\\/de\\\/datenschutzerklaerung\\\/\",\"url\":\"https:\\\/\\\/equipementsprogoedert.dev.apps.lu\\\/de\\\/datenschutzerklaerung\\\/\",\"name\":\"Datenschutzerkl\u00e4rung - Equipements Pro Goedert\",\"isPartOf\":{\"@id\":\"https:\\\/\\\/equipementsprogoedert.dev.apps.lu\\\/de\\\/#website\"},\"datePublished\":\"2025-05-05T08:16:05+00:00\",\"dateModified\":\"2025-09-22T09:06:27+00:00\",\"breadcrumb\":{\"@id\":\"https:\\\/\\\/equipementsprogoedert.dev.apps.lu\\\/de\\\/datenschutzerklaerung\\\/#breadcrumb\"},\"inLanguage\":\"de\",\"potentialAction\":[{\"@type\":\"ReadAction\",\"target\":[\"https:\\\/\\\/equipementsprogoedert.dev.apps.lu\\\/de\\\/datenschutzerklaerung\\\/\"]}]},{\"@type\":\"BreadcrumbList\",\"@id\":\"https:\\\/\\\/equipementsprogoedert.dev.apps.lu\\\/de\\\/datenschutzerklaerung\\\/#breadcrumb\",\"itemListElement\":[{\"@type\":\"ListItem\",\"position\":1,\"name\":\"Startseite\",\"item\":\"https:\\\/\\\/equipementsprogoedert.dev.apps.lu\\\/de\\\/\"},{\"@type\":\"ListItem\",\"position\":2,\"name\":\"Datenschutzerkl\u00e4rung\"}]},{\"@type\":\"WebSite\",\"@id\":\"https:\\\/\\\/equipementsprogoedert.dev.apps.lu\\\/de\\\/#website\",\"url\":\"https:\\\/\\\/equipementsprogoedert.dev.apps.lu\\\/de\\\/\",\"name\":\"Equipements Pro Goedert\",\"description\":\"\",\"publisher\":{\"@id\":\"https:\\\/\\\/equipementsprogoedert.dev.apps.lu\\\/de\\\/#organization\"},\"potentialAction\":[{\"@type\":\"SearchAction\",\"target\":{\"@type\":\"EntryPoint\",\"urlTemplate\":\"https:\\\/\\\/equipementsprogoedert.dev.apps.lu\\\/de\\\/?s={search_term_string}\"},\"query-input\":{\"@type\":\"PropertyValueSpecification\",\"valueRequired\":true,\"valueName\":\"search_term_string\"}}],\"inLanguage\":\"de\"},{\"@type\":\"Organization\",\"@id\":\"https:\\\/\\\/equipementsprogoedert.dev.apps.lu\\\/de\\\/#organization\",\"name\":\"Equipements Pro Goedert\",\"url\":\"https:\\\/\\\/equipementsprogoedert.dev.apps.lu\\\/de\\\/\",\"logo\":{\"@type\":\"ImageObject\",\"inLanguage\":\"de\",\"@id\":\"https:\\\/\\\/equipementsprogoedert.dev.apps.lu\\\/de\\\/#\\\/schema\\\/logo\\\/image\\\/\",\"url\":\"https:\\\/\\\/equipementsprogoedert.dev.apps.lu\\\/wp-content\\\/uploads\\\/2025\\\/05\\\/image-6-scaled.png\",\"contentUrl\":\"https:\\\/\\\/equipementsprogoedert.dev.apps.lu\\\/wp-content\\\/uploads\\\/2025\\\/05\\\/image-6-scaled.png\",\"width\":2560,\"height\":698,\"caption\":\"Equipements Pro Goedert\"},\"image\":{\"@id\":\"https:\\\/\\\/equipementsprogoedert.dev.apps.lu\\\/de\\\/#\\\/schema\\\/logo\\\/image\\\/\"}}]}<\/script>\n<!-- \/ Yoast SEO plugin. -->","yoast_head_json":{"title":"Datenschutzerkl\u00e4rung - Equipements Pro Goedert","robots":{"index":"noindex","follow":"follow","max-snippet":"max-snippet:-1","max-image-preview":"max-image-preview:large","max-video-preview":"max-video-preview:-1"},"og_locale":"de_DE","og_type":"article","og_title":"Datenschutzerkl\u00e4rung - Equipements Pro Goedert","og_url":"https:\/\/equipementsprogoedert.dev.apps.lu\/de\/datenschutzerklaerung\/","og_site_name":"Equipements Pro Goedert","article_modified_time":"2025-09-22T09:06:27+00:00","twitter_card":"summary_large_image","schema":{"@context":"https:\/\/schema.org","@graph":[{"@type":"WebPage","@id":"https:\/\/equipementsprogoedert.dev.apps.lu\/de\/datenschutzerklaerung\/","url":"https:\/\/equipementsprogoedert.dev.apps.lu\/de\/datenschutzerklaerung\/","name":"Datenschutzerkl\u00e4rung - Equipements Pro Goedert","isPartOf":{"@id":"https:\/\/equipementsprogoedert.dev.apps.lu\/de\/#website"},"datePublished":"2025-05-05T08:16:05+00:00","dateModified":"2025-09-22T09:06:27+00:00","breadcrumb":{"@id":"https:\/\/equipementsprogoedert.dev.apps.lu\/de\/datenschutzerklaerung\/#breadcrumb"},"inLanguage":"de","potentialAction":[{"@type":"ReadAction","target":["https:\/\/equipementsprogoedert.dev.apps.lu\/de\/datenschutzerklaerung\/"]}]},{"@type":"BreadcrumbList","@id":"https:\/\/equipementsprogoedert.dev.apps.lu\/de\/datenschutzerklaerung\/#breadcrumb","itemListElement":[{"@type":"ListItem","position":1,"name":"Startseite","item":"https:\/\/equipementsprogoedert.dev.apps.lu\/de\/"},{"@type":"ListItem","position":2,"name":"Datenschutzerkl\u00e4rung"}]},{"@type":"WebSite","@id":"https:\/\/equipementsprogoedert.dev.apps.lu\/de\/#website","url":"https:\/\/equipementsprogoedert.dev.apps.lu\/de\/","name":"Equipements Pro Goedert","description":"","publisher":{"@id":"https:\/\/equipementsprogoedert.dev.apps.lu\/de\/#organization"},"potentialAction":[{"@type":"SearchAction","target":{"@type":"EntryPoint","urlTemplate":"https:\/\/equipementsprogoedert.dev.apps.lu\/de\/?s={search_term_string}"},"query-input":{"@type":"PropertyValueSpecification","valueRequired":true,"valueName":"search_term_string"}}],"inLanguage":"de"},{"@type":"Organization","@id":"https:\/\/equipementsprogoedert.dev.apps.lu\/de\/#organization","name":"Equipements Pro Goedert","url":"https:\/\/equipementsprogoedert.dev.apps.lu\/de\/","logo":{"@type":"ImageObject","inLanguage":"de","@id":"https:\/\/equipementsprogoedert.dev.apps.lu\/de\/#\/schema\/logo\/image\/","url":"https:\/\/equipementsprogoedert.dev.apps.lu\/wp-content\/uploads\/2025\/05\/image-6-scaled.png","contentUrl":"https:\/\/equipementsprogoedert.dev.apps.lu\/wp-content\/uploads\/2025\/05\/image-6-scaled.png","width":2560,"height":698,"caption":"Equipements Pro Goedert"},"image":{"@id":"https:\/\/equipementsprogoedert.dev.apps.lu\/de\/#\/schema\/logo\/image\/"}}]}},"_links":{"self":[{"href":"https:\/\/equipementsprogoedert.dev.apps.lu\/de\/wp-json\/wp\/v2\/pages\/591","targetHints":{"allow":["GET"]}}],"collection":[{"href":"https:\/\/equipementsprogoedert.dev.apps.lu\/de\/wp-json\/wp\/v2\/pages"}],"about":[{"href":"https:\/\/equipementsprogoedert.dev.apps.lu\/de\/wp-json\/wp\/v2\/types\/page"}],"author":[{"embeddable":true,"href":"https:\/\/equipementsprogoedert.dev.apps.lu\/de\/wp-json\/wp\/v2\/users\/1"}],"replies":[{"embeddable":true,"href":"https:\/\/equipementsprogoedert.dev.apps.lu\/de\/wp-json\/wp\/v2\/comments?post=591"}],"version-history":[{"count":0,"href":"https:\/\/equipementsprogoedert.dev.apps.lu\/de\/wp-json\/wp\/v2\/pages\/591\/revisions"}],"wp:attachment":[{"href":"https:\/\/equipementsprogoedert.dev.apps.lu\/de\/wp-json\/wp\/v2\/media?parent=591"}],"curies":[{"name":"wp","href":"https:\/\/api.w.org\/{rel}","templated":true}]}}