{"id":587,"date":"2025-05-05T11:10:14","date_gmt":"2025-05-05T11:10:14","guid":{"rendered":"https:\/\/equipementsprogoedert.dev.apps.lu\/stand-fahrgerueste\/"},"modified":"2025-09-30T08:54:17","modified_gmt":"2025-09-30T08:54:17","slug":"stand-fahrgerueste","status":"publish","type":"page","link":"https:\/\/equipementsprogoedert.dev.apps.lu\/de\/stand-fahrgerueste\/","title":{"rendered":"Stand-\/Fahrger\u00fcste"},"content":{"rendered":"<div class=\"et_pb_section_0 et_pb_section et_section_regular et_block_section preset--module--divi-section--hid07r6mnl\">\n<div class=\"et_pb_row_0 et_pb_row et_block_row preset--module--divi-row--kwky0415fp\">\n<div class=\"et_pb_column_0 et_pb_column et-last-child et_block_column et_pb_css_mix_blend_mode_passthrough et_flex_column_24_24 et_flex_column_24_24_tablet et_flex_column_24_24_phone et_flex_column_24_24_tabletWide\">\n<div class=\"et_pb_heading_0 et_pb_heading et_pb_module et_flex_module\"><div class=\"et_pb_heading_container\"><h1 class=\"et_pb_module_header\">Stand-\/Fahrger\u00fcste<\/h1><\/div><\/div>\n<\/div>\n<\/div>\n<\/div>\n\n<div class=\"et_pb_section_1 et_pb_section et_section_regular et_flex_section\">\n<div class=\"et_pb_row_1 et_pb_row et_flex_row\">\n<div class=\"et_pb_column_1 et_pb_column et_flex_column et_pb_css_mix_blend_mode_passthrough et_flex_column_24_24 et_flex_column_24_24_tablet et_flex_column_24_24_phone et_flex_column_24_24_tabletWide\">\n<div class=\"et_pb_text_0 et_pb_text et_pb_bg_layout_light et_pb_module et_flex_module\"><div class=\"et_pb_text_inner\"><h2><strong>STANDGER\u00dcST<\/strong><\/h2>\n<h5>Das am einfachsten zu montierende Standger\u00fcst<\/h5>\n<p><span>Die Blitz-Renovierungsger\u00fcste unseres Partners Layher sind f\u00fcr eine Vielzahl von Anwendungen in der <strong>Baubranche<\/strong> konzipiert. <strong>Mit ihrer modularen Struktur<\/strong> eignen sie sich perfekt f\u00fcr Fassadenarbeiten, komplexe Industriebaustellen oder die schnelle Installation tempor\u00e4rer Zug\u00e4nge.<\/span><\/p>\n<\/div><\/div>\n<\/div>\n\n<div class=\"et_pb_column_2 et_pb_column et-last-child et_flex_column et_pb_css_mix_blend_mode_passthrough et_flex_column_24_24 et_flex_column_24_24_tablet et_flex_column_24_24_phone et_flex_column_24_24_tabletWide\">\n<div class=\"et_pb_divider_0 et_pb_divider_hidden et_pb_space et_pb_divider_position_top et_pb_module\"><div class=\"et_pb_divider_internal\"><\/div><\/div>\n<\/div>\n<\/div>\n\n<div class=\"et_pb_row_2 et_pb_row et_flex_row\">\n<div class=\"et_pb_column_3 et_pb_column et-last-child et_flex_column et_pb_css_mix_blend_mode_passthrough et_flex_column_24_24 et_flex_column_24_24_tablet et_flex_column_24_24_phone et_flex_column_24_24_tabletWide\">\n<div class=\"et_pb_text_1 et_pb_text et_pb_bg_layout_light et_pb_module et_flex_module\"><div class=\"et_pb_text_inner\"><p><span>Dieses System ist besonders beliebt f\u00fcr Arbeiten, die einen schnellen Auf- und Abbau erfordern, wie Wartungsarbeiten oder kleinere Renovierungen. Seine Vielseitigkeit erm\u00f6glicht auch den Einsatz bei spezifischen Projekten wie Neubauten oder der Anpassung von Infrastrukturen, wobei optimale Sicherheit und eine erhebliche Zeitersparnis gew\u00e4hrleistet sind. <\/span><\/p>\n<\/div><\/div>\n\n<div class=\"et_pb_text_2 et_pb_text et_pb_bg_layout_light et_pb_module et_flex_module\"><div class=\"et_pb_text_inner\"><p><strong>SCHNELLER UND INTUITIVER AUFBAU<\/strong>: Das Blitz-System reduziert die Montage- und Demontagezeit dank seines vormontierten Designs, ideal zur Maximierung Ihrer Produktivit\u00e4t vor Ort.<\/p>\n<p><strong>OPTIMALE SICHERHEIT<\/strong>: Einhaltung strengster Normen, um sicheres Arbeiten in der H\u00f6he zu gew\u00e4hrleisten. Die integrierten Gel\u00e4nder erh\u00f6hen die Sicherheit der Benutzer. <\/p>\n<\/div><\/div>\n<\/div>\n<\/div>\n\n<div class=\"et_pb_row_3 et_pb_row et_flex_row\">\n<div class=\"et_pb_column_4 et_pb_column et_flex_column et_pb_css_mix_blend_mode_passthrough et_flex_column_24_24 et_flex_column_24_24_tablet et_flex_column_24_24_phone et_flex_column_24_24_tabletWide\">\n<div class=\"et_pb_divider_1 et_pb_divider_hidden et_pb_space et_pb_divider_position_top et_pb_module\"><div class=\"et_pb_divider_internal\"><\/div><\/div>\n<\/div>\n\n<div class=\"et_pb_column_5 et_pb_column et-last-child et_flex_column et_pb_css_mix_blend_mode_passthrough et_flex_column_24_24 et_flex_column_24_24_tablet et_flex_column_24_24_phone et_flex_column_24_24_tabletWide\">\n<div class=\"et_pb_text_3 et_pb_text et_pb_bg_layout_light et_pb_module et_flex_module\"><div class=\"et_pb_text_inner\"><p><span><strong>AUSSERGEW\u00d6HNLICHE VIELSEITIGKEIT:<\/strong> Geeignet f\u00fcr verschiedene Projekttypen (Fassaden, Renovierungen oder Industriebauten), mit einer breiten Palette an Zubeh\u00f6r, um spezifische Anforderungen zu erf\u00fcllen.<\/span><\/p>\n<\/div><\/div>\n\n<div class=\"et_pb_text_4 et_pb_text et_pb_bg_layout_light et_pb_module et_flex_module\"><div class=\"et_pb_text_inner\"><p><span><strong>HALTBARKEIT UND MATERIALQUALIT\u00c4T:<\/strong> Entwickelt, um den anspruchsvollsten Bedingungen standzuhalten, vereint das Blitz-Ger\u00fcst Robustheit und Leichtigkeit f\u00fcr einen kompromisslosen Langzeiteinsatz.<\/span><\/p>\n<\/div><\/div>\n<\/div>\n<\/div>\n\n<div class=\"et_pb_row_4 et_pb_row et_flex_row\">\n<div class=\"et_pb_column_6 et_pb_column et-last-child et_flex_column et_pb_css_mix_blend_mode_passthrough et_flex_column_24_24 et_flex_column_24_24_tablet et_flex_column_24_24_phone et_flex_column_24_24_tabletWide\">\n<div class=\"et_pb_text_5 et_pb_text et_pb_bg_layout_light et_pb_module et_flex_module\"><div class=\"et_pb_text_inner\"><p><strong>Produkt erh\u00e4ltlich zum Kauf und zur Miete.<\/strong><\/p>\n<\/div><\/div>\n\n<div class=\"et_pb_module et_pb_button_module_wrapper et_pb_button_0_wrapper preset--module--divi-button--default_wrapper\"><a class=\"et_pb_button_0 et_pb_button et_pb_bg_layout_light et_pb_module et_flex_module preset--module--divi-button--default\" href=\"\">Angebot anfordern<\/a><\/div>\n<\/div>\n<\/div>\n<\/div>\n\n<div class=\"et_pb_section_2 et_pb_section et_section_regular et_flex_section\">\n<div class=\"et_pb_row_5 et_pb_row et_flex_row\">\n<div class=\"et_pb_column_7 et_pb_column et-last-child et_flex_column et_pb_css_mix_blend_mode_passthrough et_flex_column_24_24 et_flex_column_24_24_tablet et_flex_column_24_24_phone et_flex_column_24_24_tabletWide\">\n<div class=\"et_pb_text_6 et_pb_text et_pb_bg_layout_light et_pb_module et_flex_module\"><div class=\"et_pb_text_inner\"><h2><strong>MODULARES ALLROUND-GER\u00dcST<\/strong><\/h2>\n<h5><span>Das langlebige, wirtschaftliche und sichere Ger\u00fcst<\/span><\/h5>\n<p><span><strong>Das Layher Allround Ger\u00fcstsystem<\/strong> ist die Referenz f\u00fcr Profis, die Flexibilit\u00e4t, Schnelligkeit und Sicherheit auf ihren Baustellen suchen. Dank seines modularen, schraubenlosen Konzepts passt es sich allen Arten von Strukturen an: Fassaden, Br\u00fccken, Industrieanlagen und komplexen Baustellen. Seine schnelle Montage mit selbstsichernden Verbindungen garantiert eine erhebliche Zeitersparnis bei maximaler Stabilit\u00e4t.  <\/span><\/p>\n<\/div><\/div>\n<\/div>\n<\/div>\n\n<div class=\"et_pb_row_6 et_pb_row et_flex_row\">\n<div class=\"et_pb_column_8 et_pb_column et-last-child et_flex_column et_pb_css_mix_blend_mode_passthrough et_flex_column_24_24 et_flex_column_24_24_tablet et_flex_column_24_24_phone et_flex_column_24_24_tabletWide\">\n<div class=\"et_pb_text_7 et_pb_text et_pb_bg_layout_light et_pb_module et_flex_module\"><div class=\"et_pb_text_inner\"><h5><span>Ein vielseitiges Ger\u00fcst f\u00fcr alle Projekte<\/span><\/h5>\n<p>Sein ausgekl\u00fcgeltes Design erm\u00f6glicht die Errichtung robuster Strukturen selbst auf schwierigem Gel\u00e4nde oder in beengten Umgebungen. Es ist ideal f\u00fcr Bauarbeiten, industrielle Wartung und Eins\u00e4tze in anspruchsvollen Umgebungen wie Raffinerien oder Kraftwerken. Mit <strong>seinen standardisierten Komponenten und seinem umfangreichen Zubeh\u00f6r<\/strong> passt es sich allen Konfigurationen an und gew\u00e4hrleistet bei jeder Nutzung optimale Sicherheit.  <\/p>\n<\/div><\/div>\n<\/div>\n<\/div>\n\n<div class=\"et_pb_row_7 et_pb_row et_flex_row\">\n<div class=\"et_pb_column_9 et_pb_column et-last-child et_flex_column et_pb_css_mix_blend_mode_passthrough et_flex_column_24_24 et_flex_column_24_24_tablet et_flex_column_24_24_phone et_flex_column_24_24_tabletWide\">\n<div class=\"et_pb_text_8 et_pb_text et_pb_bg_layout_light et_pb_module et_flex_module\"><div class=\"et_pb_text_inner\"><h5><span>Leistung, Sicherheit und Normenkonformit\u00e4t<\/span><\/h5>\n<p><span>Dieses modulare Ger\u00fcst par excellence entspricht den strengsten europ\u00e4ischen Normen und bietet eine hohe Tragf\u00e4higkeit sowie extreme Widerstandsf\u00e4higkeit. Sein <strong>hochfester Stahl und sein ergonomisches Design<\/strong> erm\u00f6glichen eine schnelle Implementierung bei reduziertem Wartungsaufwand. <\/span><\/p>\n<\/div><\/div>\n<\/div>\n<\/div>\n\n<div class=\"et_pb_row_8 et_pb_row et_flex_row\">\n<div class=\"et_pb_column_10 et_pb_column et-last-child et_flex_column et_pb_css_mix_blend_mode_passthrough et_flex_column_24_24 et_flex_column_24_24_tablet et_flex_column_24_24_phone et_flex_column_24_24_tabletWide\">\n<div class=\"et_pb_text_9 et_pb_text et_pb_bg_layout_light et_pb_module et_flex_module\"><div class=\"et_pb_text_inner\"><p><span><strong>AUSSERGEW\u00d6HNLICHE VIELSEITIGKEIT:<\/strong> Geeignet f\u00fcr verschiedene Projekttypen (Fassaden, Renovierungen oder Industriebauten), mit einer breiten Palette an Zubeh\u00f6r, um spezifische Anforderungen zu erf\u00fcllen.<\/span><\/p>\n<\/div><\/div>\n\n<div class=\"et_pb_text_10 et_pb_text et_pb_bg_layout_light et_pb_module et_flex_module\"><div class=\"et_pb_text_inner\"><p><span><strong>HALTBARKEIT UND MATERIALQUALIT\u00c4T:<\/strong> Entwickelt, um den anspruchsvollsten Bedingungen standzuhalten, vereint das Blitz-Ger\u00fcst Robustheit und Leichtigkeit f\u00fcr einen kompromisslosen Langzeiteinsatz.<\/span><\/p>\n<\/div><\/div>\n<\/div>\n<\/div>\n\n<div class=\"et_pb_row_9 et_pb_row et_flex_row\">\n<div class=\"et_pb_column_11 et_pb_column et-last-child et_flex_column et_pb_css_mix_blend_mode_passthrough et_flex_column_24_24 et_flex_column_24_24_tablet et_flex_column_24_24_phone et_flex_column_24_24_tabletWide\">\n<div class=\"et_pb_text_11 et_pb_text et_pb_bg_layout_light et_pb_module et_flex_module\"><div class=\"et_pb_text_inner\"><p><strong>Produkt erh\u00e4ltlich zum Kauf und zur Miete.<\/strong><\/p>\n<\/div><\/div>\n\n<div class=\"et_pb_module et_pb_button_module_wrapper et_pb_button_1_wrapper preset--module--divi-button--default_wrapper\"><a class=\"et_pb_button_1 et_pb_button et_pb_bg_layout_light et_pb_module et_flex_module preset--module--divi-button--default\" href=\"\">Angebot anfordern<\/a><\/div>\n<\/div>\n<\/div>\n<\/div>\n\n<div class=\"et_pb_section_3 et_pb_section et_section_regular et_flex_section\">\n<div class=\"et_pb_row_10 et_pb_row et_flex_row\">\n<div class=\"et_pb_column_12 et_pb_column et-last-child et_flex_column et_pb_css_mix_blend_mode_passthrough et_flex_column_24_24 et_flex_column_24_24_tablet et_flex_column_24_24_phone et_flex_column_24_24_tabletWide\">\n<div class=\"et_pb_divider_2 et_pb_divider_hidden et_pb_space et_pb_divider_position_top et_pb_module\"><div class=\"et_pb_divider_internal\"><\/div><\/div>\n<\/div>\n<\/div>\n\n<div class=\"et_pb_row_11 et_pb_row et_flex_row\">\n<div class=\"et_pb_column_13 et_pb_column et-last-child et_flex_column et_pb_css_mix_blend_mode_passthrough et_flex_column_24_24 et_flex_column_24_24_tablet et_flex_column_24_24_phone et_flex_column_24_24_tabletWide\">\n<div class=\"et_pb_text_12 et_pb_text et_pb_bg_layout_light et_pb_module et_flex_module\"><div class=\"et_pb_text_inner\"><h2><strong>FAHRGER\u00dcST<\/strong><\/h2>\n<h5><span>Robust und einfach zu bedienen<\/span><\/h5>\n<p><span>Die aus dickem Aluminium gefertigten Layher Fahrger\u00fcste garantieren eine au\u00dfergew\u00f6hnliche Langlebigkeit, ideal f\u00fcr den professionellen Einsatz.<\/span><\/p>\n<\/div><\/div>\n\n<div class=\"et_pb_text_13 et_pb_text et_pb_bg_layout_light et_pb_module et_flex_module\"><div class=\"et_pb_text_inner\"><li><strong>Innenrenovierungsarbeiten:<\/strong> Ideal zum Streichen von W\u00e4nden, Renovieren von Decken oder Installieren von Beleuchtungssystemen in hohen R\u00e4umen. Ihre Mobilit\u00e4t erm\u00f6glicht es, das Ger\u00fcst einfach von einem Bereich zum anderen zu bewegen, ohne es demontieren zu m\u00fcssen. <\/li>\n<li><strong>Eins\u00e4tze an Au\u00dfenfassaden:<\/strong> Perfekt f\u00fcr die Reinigung, Reparatur oder Montage von Elementen an mittelgro\u00dfen Geb\u00e4uden. Ihre Stabilit\u00e4t gew\u00e4hrleistet optimale Sicherheit, selbst mehrere Meter \u00fcber dem Boden. <\/li>\n<li><strong>Industrie- oder Veranstaltungsbaustellen:<\/strong> Einsatz f\u00fcr den Zugang zu komplexen Strukturen wie Industriemaschinen oder f\u00fcr den Aufbau tempor\u00e4rer Installationen bei Veranstaltungen. Ihre Vielseitigkeit und Robustheit passen sich einer Vielzahl anspruchsvoller Umgebungen an. <\/li>\n<\/ul>\n<\/div><\/div>\n<\/div>\n<\/div>\n\n<div class=\"et_pb_row_12 et_pb_row et_flex_row\">\n<div class=\"et_pb_column_14 et_pb_column et-last-child et_flex_column et_pb_css_mix_blend_mode_passthrough et_flex_column_24_24 et_flex_column_24_24_tablet et_flex_column_24_24_phone et_flex_column_24_24_tabletWide\">\n<div class=\"et_pb_image_0 et_pb_image et_pb_module et_flex_module\"><span class=\"et_pb_image_wrap\"><img loading=\"lazy\" decoding=\"async\" src=\"https:\/\/equipementsprogoedert.dev.apps.lu\/wp-content\/uploads\/Echafaudage_5.jpg\" width=\"996\" height=\"544\" srcset=\"https:\/\/equipementsprogoedert.dev.apps.lu\/wp-content\/uploads\/Echafaudage_5.jpg 996w, https:\/\/equipementsprogoedert.dev.apps.lu\/wp-content\/uploads\/Echafaudage_5-980x535.jpg 980w, https:\/\/equipementsprogoedert.dev.apps.lu\/wp-content\/uploads\/Echafaudage_5-480x262.jpg 480w\" sizes=\"(min-width: 0px) and (max-width: 480px) 480px, (min-width: 481px) and (max-width: 980px) 980px, (min-width: 981px) 996px, 100vw\" class=\"wp-image-185\" \/><\/span><\/div>\n\n<div class=\"et_pb_text_14 et_pb_text et_pb_bg_layout_light et_pb_module et_flex_module\"><div class=\"et_pb_text_inner\"><p>Ihr Design erm\u00f6glicht einen schnellen Auf- und Abbau, was die Effizienz auf Ihren Baustellen erh\u00f6ht.<\/p>\n<\/div><\/div>\n\n<div class=\"et_pb_text_15 et_pb_text et_pb_bg_layout_light et_pb_module et_flex_module\"><div class=\"et_pb_text_inner\"><p><strong>OPTIMALE SICHERHEIT:<\/strong> Diese Ger\u00fcste entsprechen den Normen EN 1004 und der europ\u00e4ischen Richtlinie 2001\/45\/EG und gew\u00e4hrleisten Ihnen maximale Stabilit\u00e4t und Sicherheit bei Ihren H\u00f6henarbeiten.<\/p>\n<p><strong>SCHNELLER AUF- UND ABBAU:<\/strong> Bestehend aus wenigen Elementen, lassen sie sich leicht auf- und abbauen, wodurch Sie auf Ihren Baustellen wertvolle Zeit sparen.<\/p>\n<p><strong>VIELSEITIGKEIT:<\/strong> Erh\u00e4ltlich in verschiedenen Abmessungen, mit Breiten von 0,75 m und 1,50 m sowie L\u00e4ngen von 1,80 m und 2,85 m, passen sie sich verschiedenen Arbeits- und Umgebungsbedingungen an.<\/p>\n<p><strong>HALTBARKEIT:<\/strong> Ihre Herstellung aus dickem Aluminium garantiert eine lange Lebensdauer, selbst unter intensiven Einsatzbedingungen.<\/p>\n<p><strong>Verf\u00fcgbare Abmessungen: von 3,20 m bis 13,40 m Arbeitsh\u00f6he<\/strong><\/p>\n<\/div><\/div>\n\n<div class=\"et_pb_image_1 et_pb_image et_pb_module et_flex_module\"><span class=\"et_pb_image_wrap\"><img loading=\"lazy\" decoding=\"async\" src=\"https:\/\/equipementsprogoedert.dev.apps.lu\/wp-content\/uploads\/Echafaudage_6.jpg\" width=\"1379\" height=\"563\" srcset=\"https:\/\/equipementsprogoedert.dev.apps.lu\/wp-content\/uploads\/Echafaudage_6.jpg 1379w, https:\/\/equipementsprogoedert.dev.apps.lu\/wp-content\/uploads\/Echafaudage_6-1280x523.jpg 1280w, https:\/\/equipementsprogoedert.dev.apps.lu\/wp-content\/uploads\/Echafaudage_6-980x400.jpg 980w, https:\/\/equipementsprogoedert.dev.apps.lu\/wp-content\/uploads\/Echafaudage_6-480x196.jpg 480w\" sizes=\"(min-width: 0px) and (max-width: 480px) 480px, (min-width: 481px) and (max-width: 980px) 980px, (min-width: 981px) and (max-width: 1280px) 1280px, (min-width: 1281px) 1379px, 100vw\" class=\"wp-image-186\" \/><\/span><\/div>\n<\/div>\n<\/div>\n\n<div class=\"et_pb_row_13 et_pb_row et_flex_row\">\n<div class=\"et_pb_column_15 et_pb_column et-last-child et_flex_column et_pb_css_mix_blend_mode_passthrough et_flex_column_24_24 et_flex_column_24_24_tablet et_flex_column_24_24_phone et_flex_column_24_24_tabletWide\">\n<div class=\"et_pb_text_16 et_pb_text et_pb_bg_layout_light et_pb_module et_flex_module\"><div class=\"et_pb_text_inner\"><p><strong>Produkt erh\u00e4ltlich zum Kauf und zur Miete.<\/strong><\/p>\n<\/div><\/div>\n\n<div class=\"et_pb_module et_pb_button_module_wrapper et_pb_button_2_wrapper preset--module--divi-button--default_wrapper\"><a class=\"et_pb_button_2 et_pb_button et_pb_bg_layout_light et_pb_module et_flex_module preset--module--divi-button--default\" href=\"\">Angebot anfordern<\/a><\/div>\n<\/div>\n<\/div>\n<\/div>\n\n<div class=\"et_pb_section_4 et_pb_section et_section_regular et_flex_section\">\n<div class=\"et_pb_row_14 et_pb_row et-vb-row--no-module et_flex_row\">\n<div class=\"et_pb_column_16 et_pb_column et-last-child et_flex_column et_pb_column_empty et_pb_css_mix_blend_mode_passthrough et_flex_column_24_24 et_flex_column_24_24_tablet et_flex_column_24_24_phone et_flex_column_24_24_tabletWide\"><\/div>\n<\/div>\n<\/div>","protected":false},"excerpt":{"rendered":"","protected":false},"author":1,"featured_media":0,"parent":0,"menu_order":0,"comment_status":"closed","ping_status":"closed","template":"","meta":{"footnotes":""},"class_list":["post-587","page","type-page","status-publish","hentry"],"yoast_head":"<!-- This site is optimized with the Yoast SEO plugin v27.3 - https:\/\/yoast.com\/product\/yoast-seo-wordpress\/ -->\n<title>Stand-\/Fahrger\u00fcste - Equipements Pro Goedert<\/title>\n<meta name=\"robots\" content=\"noindex, follow, max-snippet:-1, max-image-preview:large, max-video-preview:-1\" \/>\n<meta property=\"og:locale\" content=\"de_DE\" \/>\n<meta property=\"og:type\" content=\"article\" \/>\n<meta property=\"og:title\" content=\"Stand-\/Fahrger\u00fcste - Equipements Pro Goedert\" \/>\n<meta property=\"og:url\" content=\"https:\/\/equipementsprogoedert.dev.apps.lu\/de\/stand-fahrgerueste\/\" \/>\n<meta property=\"og:site_name\" content=\"Equipements Pro Goedert\" \/>\n<meta property=\"article:modified_time\" content=\"2025-09-30T08:54:17+00:00\" \/>\n<meta name=\"twitter:card\" content=\"summary_large_image\" \/>\n<script type=\"application\/ld+json\" class=\"yoast-schema-graph\">{\"@context\":\"https:\\\/\\\/schema.org\",\"@graph\":[{\"@type\":\"WebPage\",\"@id\":\"https:\\\/\\\/equipementsprogoedert.dev.apps.lu\\\/de\\\/stand-fahrgerueste\\\/\",\"url\":\"https:\\\/\\\/equipementsprogoedert.dev.apps.lu\\\/de\\\/stand-fahrgerueste\\\/\",\"name\":\"Stand-\\\/Fahrger\u00fcste - Equipements Pro Goedert\",\"isPartOf\":{\"@id\":\"https:\\\/\\\/equipementsprogoedert.dev.apps.lu\\\/de\\\/#website\"},\"datePublished\":\"2025-05-05T11:10:14+00:00\",\"dateModified\":\"2025-09-30T08:54:17+00:00\",\"breadcrumb\":{\"@id\":\"https:\\\/\\\/equipementsprogoedert.dev.apps.lu\\\/de\\\/stand-fahrgerueste\\\/#breadcrumb\"},\"inLanguage\":\"de\",\"potentialAction\":[{\"@type\":\"ReadAction\",\"target\":[\"https:\\\/\\\/equipementsprogoedert.dev.apps.lu\\\/de\\\/stand-fahrgerueste\\\/\"]}]},{\"@type\":\"BreadcrumbList\",\"@id\":\"https:\\\/\\\/equipementsprogoedert.dev.apps.lu\\\/de\\\/stand-fahrgerueste\\\/#breadcrumb\",\"itemListElement\":[{\"@type\":\"ListItem\",\"position\":1,\"name\":\"Startseite\",\"item\":\"https:\\\/\\\/equipementsprogoedert.dev.apps.lu\\\/de\\\/\"},{\"@type\":\"ListItem\",\"position\":2,\"name\":\"Stand-\\\/Fahrger\u00fcste\"}]},{\"@type\":\"WebSite\",\"@id\":\"https:\\\/\\\/equipementsprogoedert.dev.apps.lu\\\/de\\\/#website\",\"url\":\"https:\\\/\\\/equipementsprogoedert.dev.apps.lu\\\/de\\\/\",\"name\":\"Equipements Pro Goedert\",\"description\":\"\",\"publisher\":{\"@id\":\"https:\\\/\\\/equipementsprogoedert.dev.apps.lu\\\/de\\\/#organization\"},\"potentialAction\":[{\"@type\":\"SearchAction\",\"target\":{\"@type\":\"EntryPoint\",\"urlTemplate\":\"https:\\\/\\\/equipementsprogoedert.dev.apps.lu\\\/de\\\/?s={search_term_string}\"},\"query-input\":{\"@type\":\"PropertyValueSpecification\",\"valueRequired\":true,\"valueName\":\"search_term_string\"}}],\"inLanguage\":\"de\"},{\"@type\":\"Organization\",\"@id\":\"https:\\\/\\\/equipementsprogoedert.dev.apps.lu\\\/de\\\/#organization\",\"name\":\"Equipements Pro Goedert\",\"url\":\"https:\\\/\\\/equipementsprogoedert.dev.apps.lu\\\/de\\\/\",\"logo\":{\"@type\":\"ImageObject\",\"inLanguage\":\"de\",\"@id\":\"https:\\\/\\\/equipementsprogoedert.dev.apps.lu\\\/de\\\/#\\\/schema\\\/logo\\\/image\\\/\",\"url\":\"https:\\\/\\\/equipementsprogoedert.dev.apps.lu\\\/wp-content\\\/uploads\\\/2025\\\/05\\\/image-6-scaled.png\",\"contentUrl\":\"https:\\\/\\\/equipementsprogoedert.dev.apps.lu\\\/wp-content\\\/uploads\\\/2025\\\/05\\\/image-6-scaled.png\",\"width\":2560,\"height\":698,\"caption\":\"Equipements Pro Goedert\"},\"image\":{\"@id\":\"https:\\\/\\\/equipementsprogoedert.dev.apps.lu\\\/de\\\/#\\\/schema\\\/logo\\\/image\\\/\"}}]}<\/script>\n<!-- \/ Yoast SEO plugin. -->","yoast_head_json":{"title":"Stand-\/Fahrger\u00fcste - Equipements Pro Goedert","robots":{"index":"noindex","follow":"follow","max-snippet":"max-snippet:-1","max-image-preview":"max-image-preview:large","max-video-preview":"max-video-preview:-1"},"og_locale":"de_DE","og_type":"article","og_title":"Stand-\/Fahrger\u00fcste - Equipements Pro Goedert","og_url":"https:\/\/equipementsprogoedert.dev.apps.lu\/de\/stand-fahrgerueste\/","og_site_name":"Equipements Pro Goedert","article_modified_time":"2025-09-30T08:54:17+00:00","twitter_card":"summary_large_image","schema":{"@context":"https:\/\/schema.org","@graph":[{"@type":"WebPage","@id":"https:\/\/equipementsprogoedert.dev.apps.lu\/de\/stand-fahrgerueste\/","url":"https:\/\/equipementsprogoedert.dev.apps.lu\/de\/stand-fahrgerueste\/","name":"Stand-\/Fahrger\u00fcste - Equipements Pro Goedert","isPartOf":{"@id":"https:\/\/equipementsprogoedert.dev.apps.lu\/de\/#website"},"datePublished":"2025-05-05T11:10:14+00:00","dateModified":"2025-09-30T08:54:17+00:00","breadcrumb":{"@id":"https:\/\/equipementsprogoedert.dev.apps.lu\/de\/stand-fahrgerueste\/#breadcrumb"},"inLanguage":"de","potentialAction":[{"@type":"ReadAction","target":["https:\/\/equipementsprogoedert.dev.apps.lu\/de\/stand-fahrgerueste\/"]}]},{"@type":"BreadcrumbList","@id":"https:\/\/equipementsprogoedert.dev.apps.lu\/de\/stand-fahrgerueste\/#breadcrumb","itemListElement":[{"@type":"ListItem","position":1,"name":"Startseite","item":"https:\/\/equipementsprogoedert.dev.apps.lu\/de\/"},{"@type":"ListItem","position":2,"name":"Stand-\/Fahrger\u00fcste"}]},{"@type":"WebSite","@id":"https:\/\/equipementsprogoedert.dev.apps.lu\/de\/#website","url":"https:\/\/equipementsprogoedert.dev.apps.lu\/de\/","name":"Equipements Pro Goedert","description":"","publisher":{"@id":"https:\/\/equipementsprogoedert.dev.apps.lu\/de\/#organization"},"potentialAction":[{"@type":"SearchAction","target":{"@type":"EntryPoint","urlTemplate":"https:\/\/equipementsprogoedert.dev.apps.lu\/de\/?s={search_term_string}"},"query-input":{"@type":"PropertyValueSpecification","valueRequired":true,"valueName":"search_term_string"}}],"inLanguage":"de"},{"@type":"Organization","@id":"https:\/\/equipementsprogoedert.dev.apps.lu\/de\/#organization","name":"Equipements Pro Goedert","url":"https:\/\/equipementsprogoedert.dev.apps.lu\/de\/","logo":{"@type":"ImageObject","inLanguage":"de","@id":"https:\/\/equipementsprogoedert.dev.apps.lu\/de\/#\/schema\/logo\/image\/","url":"https:\/\/equipementsprogoedert.dev.apps.lu\/wp-content\/uploads\/2025\/05\/image-6-scaled.png","contentUrl":"https:\/\/equipementsprogoedert.dev.apps.lu\/wp-content\/uploads\/2025\/05\/image-6-scaled.png","width":2560,"height":698,"caption":"Equipements Pro Goedert"},"image":{"@id":"https:\/\/equipementsprogoedert.dev.apps.lu\/de\/#\/schema\/logo\/image\/"}}]}},"_links":{"self":[{"href":"https:\/\/equipementsprogoedert.dev.apps.lu\/de\/wp-json\/wp\/v2\/pages\/587","targetHints":{"allow":["GET"]}}],"collection":[{"href":"https:\/\/equipementsprogoedert.dev.apps.lu\/de\/wp-json\/wp\/v2\/pages"}],"about":[{"href":"https:\/\/equipementsprogoedert.dev.apps.lu\/de\/wp-json\/wp\/v2\/types\/page"}],"author":[{"embeddable":true,"href":"https:\/\/equipementsprogoedert.dev.apps.lu\/de\/wp-json\/wp\/v2\/users\/1"}],"replies":[{"embeddable":true,"href":"https:\/\/equipementsprogoedert.dev.apps.lu\/de\/wp-json\/wp\/v2\/comments?post=587"}],"version-history":[{"count":0,"href":"https:\/\/equipementsprogoedert.dev.apps.lu\/de\/wp-json\/wp\/v2\/pages\/587\/revisions"}],"wp:attachment":[{"href":"https:\/\/equipementsprogoedert.dev.apps.lu\/de\/wp-json\/wp\/v2\/media?parent=587"}],"curies":[{"name":"wp","href":"https:\/\/api.w.org\/{rel}","templated":true}]}}