{"id":583,"date":"2025-07-21T11:22:50","date_gmt":"2025-07-21T11:22:50","guid":{"rendered":"https:\/\/equipementsprogoedert.dev.apps.lu\/container\/"},"modified":"2025-09-30T08:54:17","modified_gmt":"2025-09-30T08:54:17","slug":"container","status":"publish","type":"page","link":"https:\/\/equipementsprogoedert.dev.apps.lu\/de\/container\/","title":{"rendered":"Container"},"content":{"rendered":"<div class=\"et_pb_section_0 et_pb_section et_section_regular et_block_section preset--module--divi-section--hid07r6mnl\">\n<div class=\"et_pb_row_0 et_pb_row et_block_row preset--module--divi-row--kwky0415fp\">\n<div class=\"et_pb_column_0 et_pb_column et_pb_column_4_4 et-last-child et_block_column et_pb_css_mix_blend_mode_passthrough\">\n<div class=\"et_pb_heading_0 et_pb_heading et_pb_module et_flex_module\"><div class=\"et_pb_heading_container\"><h1 class=\"et_pb_module_header\">Container<\/h1><\/div><\/div>\n<\/div>\n<\/div>\n<\/div>\n\n<div class=\"et_pb_section_1 et_pb_section et_section_regular et_flex_section\">\n<div class=\"et_pb_row_1 et_pb_row et_flex_row\">\n<div class=\"et_pb_column_1 et_pb_column et-last-child et_flex_column et_pb_css_mix_blend_mode_passthrough et_flex_column_24_24 et_flex_column_24_24_tablet et_flex_column_24_24_phone et_flex_column_24_24_tabletWide\">\n<div class=\"et_pb_divider_0 et_pb_divider_hidden et_pb_space et_pb_divider_position_top et_pb_module\"><div class=\"et_pb_divider_internal\"><\/div><\/div>\n<\/div>\n<\/div>\n\n<div class=\"et_pb_row_2 et_pb_row et_flex_row\">\n<div class=\"et_pb_column_2 et_pb_column et-last-child et_flex_column et_pb_css_mix_blend_mode_passthrough et_flex_column_24_24 et_flex_column_24_24_tablet et_flex_column_24_24_phone et_flex_column_24_24_tabletWide\">\n<div class=\"et_pb_text_0 et_pb_text et_pb_bg_layout_light et_pb_module et_flex_module\"><div class=\"et_pb_text_inner\"><h2><strong>CONTAINER<\/strong><\/h2>\n<h5><span>SCHAFFEN SIE SICH IM HANDUMDREHEN PLATZ<\/span><\/h5>\n<p><span>Wir bieten Ihnen <strong>vielseitige Lager- und Rauml\u00f6sungen f\u00fcr Ihren Gesch\u00e4ftsbedarf<\/strong>. Die individuellen und modularen Containex-Lagercontainer sind f\u00fcr die vor\u00fcbergehende oder dauerhafte Einrichtung von: Baustellenunterk\u00fcnften, Fabrik-, B\u00fcro- oder Schulerweiterungen, Lebensbasen, Verkaufsr\u00e4umen, Sanit\u00e4ranlagen.<\/span><\/p>\n<\/div><\/div>\n\n<div class=\"et_pb_module et_pb_button_module_wrapper et_pb_button_0_wrapper preset--module--divi-button--default_wrapper\"><a class=\"et_pb_button_0 et_pb_button et_pb_bg_layout_light et_pb_module et_flex_module preset--module--divi-button--default\" href=\"\">Angebot anfordern<\/a><\/div>\n<\/div>\n<\/div>\n\n<div class=\"et_pb_row_3 et_pb_row et_flex_row\">\n<div class=\"et_pb_column_3 et_pb_column et-last-child et_flex_column et_pb_css_mix_blend_mode_passthrough et_flex_column_24_24 et_flex_column_24_24_tablet et_flex_column_24_24_phone et_flex_column_24_24_tabletWide\">\n<div class=\"et_pb_image_0 et_pb_image et_pb_module et_flex_module\"><span class=\"et_pb_image_wrap\"><img loading=\"lazy\" decoding=\"async\" src=\"https:\/\/equipementsprogoedert.dev.apps.lu\/wp-content\/uploads\/Container-1.jpeg\" width=\"736\" height=\"503\" srcset=\"https:\/\/equipementsprogoedert.dev.apps.lu\/wp-content\/uploads\/Container-1.jpeg 736w, https:\/\/equipementsprogoedert.dev.apps.lu\/wp-content\/uploads\/Container-1-480x328.jpeg 480w\" sizes=\"(min-width: 0px) and (max-width: 480px) 480px, (min-width: 481px) 736px, 100vw\" class=\"wp-image-180\" \/><\/span><\/div>\n\n<div class=\"et_pb_image_1 et_pb_image et_pb_module et_flex_module\"><span class=\"et_pb_image_wrap\"><img loading=\"lazy\" decoding=\"async\" src=\"https:\/\/equipementsprogoedert.dev.apps.lu\/wp-content\/uploads\/Container-3.jpg\" width=\"736\" height=\"504\" srcset=\"https:\/\/equipementsprogoedert.dev.apps.lu\/wp-content\/uploads\/Container-3.jpg 736w, https:\/\/equipementsprogoedert.dev.apps.lu\/wp-content\/uploads\/Container-3-480x329.jpg 480w\" sizes=\"(min-width: 0px) and (max-width: 480px) 480px, (min-width: 481px) 736px, 100vw\" class=\"wp-image-182\" \/><\/span><\/div>\n<\/div>\n<\/div>\n\n<div class=\"et_pb_row_4 et_pb_row et_flex_row\">\n<div class=\"et_pb_column_4 et_pb_column et-last-child et_flex_column et_pb_css_mix_blend_mode_passthrough et_flex_column_24_24 et_flex_column_24_24_tablet et_flex_column_24_24_phone et_flex_column_24_24_tabletWide\">\n<div class=\"et_pb_text_1 et_pb_text et_pb_bg_layout_light et_pb_module et_flex_module\"><div class=\"et_pb_text_inner\"><p><strong>SCHNELLE INSTALLATION<\/strong> <br \/>Wir liefern Ihnen die Container schnell und schl\u00fcsselfertig.<\/p>\n<p><strong>MAXIMALE FLEXIBILIT\u00c4T<\/strong> <br \/>Die Module sind je nach Bedarf kombinierbar und wiederverwendbar.<\/p>\n<p><strong>DAUERHAFTE BEST\u00c4NDIGKEIT<\/strong> <br \/>Die Materialien sind so konzipiert, dass sie extremen Witterungsbedingungen standhalten.<\/p>\n<p><span><strong>UMWELTFREUNDLICHE MATERIALIEN<br \/><\/strong>Die verwendeten Materialien sind recycelbar, und es stehen fortschrittliche W\u00e4rmed\u00e4mmungsoptionen zur Verf\u00fcgung.<\/span><\/p>\n<p><span>Sicher und widerstandsf\u00e4hig, k\u00f6nnen Sie Ihre neuen R\u00e4ume dank einer gro\u00dfen Auswahl an Ausstattungen und Optionen einfach umgestalten.<\/span><\/p>\n<\/div><\/div>\n\n<div class=\"et_pb_text_2 et_pb_text et_pb_bg_layout_light et_pb_module et_flex_module\"><div class=\"et_pb_text_inner\"><p><strong>Die Modelle:<\/strong><\/p>\n<\/div><\/div>\n\n<div class=\"et_pb_text_3 et_pb_text et_pb_bg_layout_light et_pb_module et_flex_module\"><div class=\"et_pb_text_inner\"><p><a href=\"https:\/\/www.containex.com\/fr\/fr\/conteneurs-et-modules\/module-bureau\/bungalow-bureau-classic-line\">CLASSIC Line | B\u00fcro- und Sanit\u00e4r-Bungalows<\/a><br \/><a href=\"https:\/\/youtu.be\/FCD5-PbX2ko\">PLUS Line | B\u00fcro- und Sanit\u00e4r-Bungalows<\/a><br \/><a href=\"https:\/\/catalog.containex.com\/catalog\/CONTAINEX\/fr\/index.aspx?catalog=CTX-Folder-BASICLINE&amp;_gl=1*a6ll4h*_ga*MjA1Mzk4MzY4OS4xNzE5NDI1MDMw*_ga_0B2MD915K6*MTcxOTQyNjQ3MC4xLjEuMTcxOTQyNjY1My4wLjAuMzkwOTEwMjMz\">BASIC Line | B\u00fcromodul<\/a><br \/><a href=\"https:\/\/catalog.containex.com\/catalog\/CONTAINEX\/fr\/index.aspx?catalog=CTX-Prospekt-Lagercontainer&amp;_gl=1*uhcmi2*_ga*MjA1Mzk4MzY4OS4xNzE5NDI1MDMw*_ga_0B2MD915K6*MTcxOTQyNjQ3MC4xLjEuMTcxOTQyNjY5MS4wLjAuMzkwOTEwMjMz\">Lagercontainer<\/a><br \/><a href=\"https:\/\/catalog.containex.com\/catalog\/CONTAINEX\/en\/index.aspx?catalog=CTX-Infoblatt-Terrassencontainer&amp;_gl=1*1frjdbb*_ga*MjA1Mzk4MzY4OS4xNzE5NDI1MDMw*_ga_0B2MD915K6*MTcxOTQyNjQ3MC4xLjEuMTcxOTQyNjczOC4wLjAuMzkwOTEwMjMz#page_1\">Terrassencontainer<\/a><br \/><a href=\"https:\/\/www.containex.com\/fr\/fr\/conteneurs-et-modules\/boxes-bureau-et-sanitaire#down\">B\u00fcro- und Sanit\u00e4rboxen<\/a><br \/><span style=\"color: #467886;\"><\/span><\/p>\n<\/div><\/div>\n\n<div class=\"et_pb_text_4 et_pb_text et_pb_bg_layout_light et_pb_module et_flex_module\"><div class=\"et_pb_text_inner\"><p align=\"left\"><span style=\"color: #000000;\"><b>Einzelmodule in folgenden Gr\u00f6\u00dfen erh\u00e4ltlich:<\/b><\/span><\/span><\/span><\/span><\/p>\n<\/div><\/div>\n\n<div class=\"et_pb_text_5 et_pb_text et_pb_bg_layout_light et_pb_module et_flex_module\"><div class=\"et_pb_text_inner\"><p align=\"left\"><strong>6'<\/strong> 1.980 x 1.970 x 1.910 mm<br \/><strong>8'<\/strong> 2.438 x 2.200 x 2.260 mm<br \/><strong>9'<\/strong> 2.931 x 2.200 x 2.260 mm<br \/><strong>10'<\/strong> 2.991 x 2.438 x 2.591 mm<br \/><strong>15'<\/strong> 4.550 x 2.200 x 2.260 mm<br \/><strong>20'<\/strong> 6.058 x 2.438 x 2.591 mm<br \/>Mover-Box 2.200 x 1.600 x 2.445 mm<\/p>\n<\/div><\/div>\n<\/div>\n<\/div>\n\n<div class=\"et_pb_row_5 et_pb_row et_flex_row\">\n<div class=\"et_pb_column_5 et_pb_column et-last-child et_flex_column et_pb_css_mix_blend_mode_passthrough et_flex_column_24_24 et_flex_column_24_24_tablet et_flex_column_24_24_phone et_flex_column_24_24_tabletWide\">\n<div class=\"et_pb_module et_pb_button_module_wrapper et_pb_button_1_wrapper preset--module--divi-button--default_wrapper\"><a class=\"et_pb_button_1 et_pb_button et_pb_bg_layout_light et_pb_module et_flex_module preset--module--divi-button--default\" href=\"\">Angebot anfordern<\/a><\/div>\n<\/div>\n<\/div>\n<\/div>\n\n<div class=\"et_pb_section_2 et_pb_section et_section_regular et_flex_section\">\n<div class=\"et_pb_row_6 et_pb_row et-vb-row--no-module et_flex_row\">\n<div class=\"et_pb_column_6 et_pb_column et-last-child et_flex_column et_pb_column_empty et_pb_css_mix_blend_mode_passthrough et_flex_column_24_24 et_flex_column_24_24_tablet et_flex_column_24_24_phone et_flex_column_24_24_tabletWide\"><\/div>\n<\/div>\n<\/div>","protected":false},"excerpt":{"rendered":"","protected":false},"author":1,"featured_media":0,"parent":0,"menu_order":0,"comment_status":"closed","ping_status":"closed","template":"","meta":{"footnotes":""},"class_list":["post-583","page","type-page","status-publish","hentry"],"yoast_head":"<!-- This site is optimized with the Yoast SEO plugin v27.3 - https:\/\/yoast.com\/product\/yoast-seo-wordpress\/ -->\n<title>Container - Equipements Pro Goedert<\/title>\n<meta name=\"robots\" content=\"noindex, follow, max-snippet:-1, max-image-preview:large, max-video-preview:-1\" \/>\n<meta property=\"og:locale\" content=\"de_DE\" \/>\n<meta property=\"og:type\" content=\"article\" \/>\n<meta property=\"og:title\" content=\"Container - Equipements Pro Goedert\" \/>\n<meta property=\"og:url\" content=\"https:\/\/equipementsprogoedert.dev.apps.lu\/de\/container\/\" \/>\n<meta property=\"og:site_name\" content=\"Equipements Pro Goedert\" \/>\n<meta property=\"article:modified_time\" content=\"2025-09-30T08:54:17+00:00\" \/>\n<meta name=\"twitter:card\" content=\"summary_large_image\" \/>\n<script type=\"application\/ld+json\" class=\"yoast-schema-graph\">{\"@context\":\"https:\\\/\\\/schema.org\",\"@graph\":[{\"@type\":\"WebPage\",\"@id\":\"https:\\\/\\\/equipementsprogoedert.dev.apps.lu\\\/de\\\/container\\\/\",\"url\":\"https:\\\/\\\/equipementsprogoedert.dev.apps.lu\\\/de\\\/container\\\/\",\"name\":\"Container - Equipements Pro Goedert\",\"isPartOf\":{\"@id\":\"https:\\\/\\\/equipementsprogoedert.dev.apps.lu\\\/de\\\/#website\"},\"datePublished\":\"2025-07-21T11:22:50+00:00\",\"dateModified\":\"2025-09-30T08:54:17+00:00\",\"breadcrumb\":{\"@id\":\"https:\\\/\\\/equipementsprogoedert.dev.apps.lu\\\/de\\\/container\\\/#breadcrumb\"},\"inLanguage\":\"de\",\"potentialAction\":[{\"@type\":\"ReadAction\",\"target\":[\"https:\\\/\\\/equipementsprogoedert.dev.apps.lu\\\/de\\\/container\\\/\"]}]},{\"@type\":\"BreadcrumbList\",\"@id\":\"https:\\\/\\\/equipementsprogoedert.dev.apps.lu\\\/de\\\/container\\\/#breadcrumb\",\"itemListElement\":[{\"@type\":\"ListItem\",\"position\":1,\"name\":\"Startseite\",\"item\":\"https:\\\/\\\/equipementsprogoedert.dev.apps.lu\\\/de\\\/\"},{\"@type\":\"ListItem\",\"position\":2,\"name\":\"Container\"}]},{\"@type\":\"WebSite\",\"@id\":\"https:\\\/\\\/equipementsprogoedert.dev.apps.lu\\\/de\\\/#website\",\"url\":\"https:\\\/\\\/equipementsprogoedert.dev.apps.lu\\\/de\\\/\",\"name\":\"Equipements Pro Goedert\",\"description\":\"\",\"publisher\":{\"@id\":\"https:\\\/\\\/equipementsprogoedert.dev.apps.lu\\\/de\\\/#organization\"},\"potentialAction\":[{\"@type\":\"SearchAction\",\"target\":{\"@type\":\"EntryPoint\",\"urlTemplate\":\"https:\\\/\\\/equipementsprogoedert.dev.apps.lu\\\/de\\\/?s={search_term_string}\"},\"query-input\":{\"@type\":\"PropertyValueSpecification\",\"valueRequired\":true,\"valueName\":\"search_term_string\"}}],\"inLanguage\":\"de\"},{\"@type\":\"Organization\",\"@id\":\"https:\\\/\\\/equipementsprogoedert.dev.apps.lu\\\/de\\\/#organization\",\"name\":\"Equipements Pro Goedert\",\"url\":\"https:\\\/\\\/equipementsprogoedert.dev.apps.lu\\\/de\\\/\",\"logo\":{\"@type\":\"ImageObject\",\"inLanguage\":\"de\",\"@id\":\"https:\\\/\\\/equipementsprogoedert.dev.apps.lu\\\/de\\\/#\\\/schema\\\/logo\\\/image\\\/\",\"url\":\"https:\\\/\\\/equipementsprogoedert.dev.apps.lu\\\/wp-content\\\/uploads\\\/2025\\\/05\\\/image-6-scaled.png\",\"contentUrl\":\"https:\\\/\\\/equipementsprogoedert.dev.apps.lu\\\/wp-content\\\/uploads\\\/2025\\\/05\\\/image-6-scaled.png\",\"width\":2560,\"height\":698,\"caption\":\"Equipements Pro Goedert\"},\"image\":{\"@id\":\"https:\\\/\\\/equipementsprogoedert.dev.apps.lu\\\/de\\\/#\\\/schema\\\/logo\\\/image\\\/\"}}]}<\/script>\n<!-- \/ Yoast SEO plugin. -->","yoast_head_json":{"title":"Container - Equipements Pro Goedert","robots":{"index":"noindex","follow":"follow","max-snippet":"max-snippet:-1","max-image-preview":"max-image-preview:large","max-video-preview":"max-video-preview:-1"},"og_locale":"de_DE","og_type":"article","og_title":"Container - Equipements Pro Goedert","og_url":"https:\/\/equipementsprogoedert.dev.apps.lu\/de\/container\/","og_site_name":"Equipements Pro Goedert","article_modified_time":"2025-09-30T08:54:17+00:00","twitter_card":"summary_large_image","schema":{"@context":"https:\/\/schema.org","@graph":[{"@type":"WebPage","@id":"https:\/\/equipementsprogoedert.dev.apps.lu\/de\/container\/","url":"https:\/\/equipementsprogoedert.dev.apps.lu\/de\/container\/","name":"Container - Equipements Pro Goedert","isPartOf":{"@id":"https:\/\/equipementsprogoedert.dev.apps.lu\/de\/#website"},"datePublished":"2025-07-21T11:22:50+00:00","dateModified":"2025-09-30T08:54:17+00:00","breadcrumb":{"@id":"https:\/\/equipementsprogoedert.dev.apps.lu\/de\/container\/#breadcrumb"},"inLanguage":"de","potentialAction":[{"@type":"ReadAction","target":["https:\/\/equipementsprogoedert.dev.apps.lu\/de\/container\/"]}]},{"@type":"BreadcrumbList","@id":"https:\/\/equipementsprogoedert.dev.apps.lu\/de\/container\/#breadcrumb","itemListElement":[{"@type":"ListItem","position":1,"name":"Startseite","item":"https:\/\/equipementsprogoedert.dev.apps.lu\/de\/"},{"@type":"ListItem","position":2,"name":"Container"}]},{"@type":"WebSite","@id":"https:\/\/equipementsprogoedert.dev.apps.lu\/de\/#website","url":"https:\/\/equipementsprogoedert.dev.apps.lu\/de\/","name":"Equipements Pro Goedert","description":"","publisher":{"@id":"https:\/\/equipementsprogoedert.dev.apps.lu\/de\/#organization"},"potentialAction":[{"@type":"SearchAction","target":{"@type":"EntryPoint","urlTemplate":"https:\/\/equipementsprogoedert.dev.apps.lu\/de\/?s={search_term_string}"},"query-input":{"@type":"PropertyValueSpecification","valueRequired":true,"valueName":"search_term_string"}}],"inLanguage":"de"},{"@type":"Organization","@id":"https:\/\/equipementsprogoedert.dev.apps.lu\/de\/#organization","name":"Equipements Pro Goedert","url":"https:\/\/equipementsprogoedert.dev.apps.lu\/de\/","logo":{"@type":"ImageObject","inLanguage":"de","@id":"https:\/\/equipementsprogoedert.dev.apps.lu\/de\/#\/schema\/logo\/image\/","url":"https:\/\/equipementsprogoedert.dev.apps.lu\/wp-content\/uploads\/2025\/05\/image-6-scaled.png","contentUrl":"https:\/\/equipementsprogoedert.dev.apps.lu\/wp-content\/uploads\/2025\/05\/image-6-scaled.png","width":2560,"height":698,"caption":"Equipements Pro Goedert"},"image":{"@id":"https:\/\/equipementsprogoedert.dev.apps.lu\/de\/#\/schema\/logo\/image\/"}}]}},"_links":{"self":[{"href":"https:\/\/equipementsprogoedert.dev.apps.lu\/de\/wp-json\/wp\/v2\/pages\/583","targetHints":{"allow":["GET"]}}],"collection":[{"href":"https:\/\/equipementsprogoedert.dev.apps.lu\/de\/wp-json\/wp\/v2\/pages"}],"about":[{"href":"https:\/\/equipementsprogoedert.dev.apps.lu\/de\/wp-json\/wp\/v2\/types\/page"}],"author":[{"embeddable":true,"href":"https:\/\/equipementsprogoedert.dev.apps.lu\/de\/wp-json\/wp\/v2\/users\/1"}],"replies":[{"embeddable":true,"href":"https:\/\/equipementsprogoedert.dev.apps.lu\/de\/wp-json\/wp\/v2\/comments?post=583"}],"version-history":[{"count":0,"href":"https:\/\/equipementsprogoedert.dev.apps.lu\/de\/wp-json\/wp\/v2\/pages\/583\/revisions"}],"wp:attachment":[{"href":"https:\/\/equipementsprogoedert.dev.apps.lu\/de\/wp-json\/wp\/v2\/media?parent=583"}],"curies":[{"name":"wp","href":"https:\/\/api.w.org\/{rel}","templated":true}]}}