{"id":578,"date":"2025-09-05T15:06:38","date_gmt":"2025-09-05T15:06:38","guid":{"rendered":"https:\/\/equipementsprogoedert.dev.apps.lu\/stadtmobiliar\/"},"modified":"2025-09-30T08:54:59","modified_gmt":"2025-09-30T08:54:59","slug":"stadtmobiliar","status":"publish","type":"page","link":"https:\/\/equipementsprogoedert.dev.apps.lu\/de\/stadtmobiliar\/","title":{"rendered":"Stadtmobiliar"},"content":{"rendered":"<div class=\"et_pb_section_0 et_pb_section et_section_regular et_block_section\">\n<div class=\"et_pb_row_0 et_pb_row et_block_row preset--module--divi-row--kwky0415fp\">\n<div class=\"et_pb_column_0 et_pb_column et_pb_column_4_4 et-last-child et_block_column et_pb_css_mix_blend_mode_passthrough\">\n<div class=\"et_pb_heading_0 et_pb_heading et_pb_module et_flex_module\"><div class=\"et_pb_heading_container\"><h1 class=\"et_pb_module_header\">Stadtmobiliar<\/h1><\/div><\/div>\n\n<div class=\"et_pb_text_0 et_pb_text et_pb_bg_layout_light et_pb_module et_flex_module\"><div class=\"et_pb_text_inner\"><p><span>Unsere Stadtm\u00f6bel wurden entworfen, um den Komfort, die Sicherheit und die Organisation \u00f6ffentlicher R\u00e4ume zu verbessern. Ob es sich um Abschreckungspfosten, Absperrungen oder Ger\u00e4te zur Strukturierung und zum Schutz von Verkehrsfl\u00e4chen handelt, wir bieten zuverl\u00e4ssige und dauerhafte L\u00f6sungen. Unsere Produkte passen sich den Bed\u00fcrfnissen von Kommunen, Unternehmen und Planern an, um funktionale und \u00e4sthetische \u00f6ffentliche R\u00e4ume zu gew\u00e4hrleisten.<\/span><\/p>\n<\/div><\/div>\n<\/div>\n<\/div>\n<\/div>","protected":false},"excerpt":{"rendered":"","protected":false},"author":1,"featured_media":0,"parent":0,"menu_order":0,"comment_status":"closed","ping_status":"closed","template":"","meta":{"footnotes":""},"class_list":["post-578","page","type-page","status-publish","hentry"],"yoast_head":"<!-- This site is optimized with the Yoast SEO plugin v27.4 - https:\/\/yoast.com\/product\/yoast-seo-wordpress\/ -->\n<title>Stadtmobiliar - Equipements Pro Goedert<\/title>\n<meta name=\"robots\" content=\"noindex, follow, max-snippet:-1, max-image-preview:large, max-video-preview:-1\" \/>\n<meta property=\"og:locale\" content=\"de_DE\" \/>\n<meta property=\"og:type\" content=\"article\" \/>\n<meta property=\"og:title\" content=\"Stadtmobiliar - Equipements Pro Goedert\" \/>\n<meta property=\"og:url\" content=\"https:\/\/equipementsprogoedert.dev.apps.lu\/de\/stadtmobiliar\/\" \/>\n<meta property=\"og:site_name\" content=\"Equipements Pro Goedert\" \/>\n<meta property=\"article:modified_time\" content=\"2025-09-30T08:54:59+00:00\" \/>\n<meta name=\"twitter:card\" content=\"summary_large_image\" \/>\n<script type=\"application\/ld+json\" class=\"yoast-schema-graph\">{\"@context\":\"https:\\\/\\\/schema.org\",\"@graph\":[{\"@type\":\"WebPage\",\"@id\":\"https:\\\/\\\/equipementsprogoedert.dev.apps.lu\\\/de\\\/stadtmobiliar\\\/\",\"url\":\"https:\\\/\\\/equipementsprogoedert.dev.apps.lu\\\/de\\\/stadtmobiliar\\\/\",\"name\":\"Stadtmobiliar - Equipements Pro Goedert\",\"isPartOf\":{\"@id\":\"https:\\\/\\\/equipementsprogoedert.dev.apps.lu\\\/de\\\/#website\"},\"datePublished\":\"2025-09-05T15:06:38+00:00\",\"dateModified\":\"2025-09-30T08:54:59+00:00\",\"breadcrumb\":{\"@id\":\"https:\\\/\\\/equipementsprogoedert.dev.apps.lu\\\/de\\\/stadtmobiliar\\\/#breadcrumb\"},\"inLanguage\":\"de\",\"potentialAction\":[{\"@type\":\"ReadAction\",\"target\":[\"https:\\\/\\\/equipementsprogoedert.dev.apps.lu\\\/de\\\/stadtmobiliar\\\/\"]}]},{\"@type\":\"BreadcrumbList\",\"@id\":\"https:\\\/\\\/equipementsprogoedert.dev.apps.lu\\\/de\\\/stadtmobiliar\\\/#breadcrumb\",\"itemListElement\":[{\"@type\":\"ListItem\",\"position\":1,\"name\":\"Startseite\",\"item\":\"https:\\\/\\\/equipementsprogoedert.dev.apps.lu\\\/de\\\/\"},{\"@type\":\"ListItem\",\"position\":2,\"name\":\"Stadtmobiliar\"}]},{\"@type\":\"WebSite\",\"@id\":\"https:\\\/\\\/equipementsprogoedert.dev.apps.lu\\\/de\\\/#website\",\"url\":\"https:\\\/\\\/equipementsprogoedert.dev.apps.lu\\\/de\\\/\",\"name\":\"Equipements Pro Goedert\",\"description\":\"\",\"publisher\":{\"@id\":\"https:\\\/\\\/equipementsprogoedert.dev.apps.lu\\\/de\\\/#organization\"},\"potentialAction\":[{\"@type\":\"SearchAction\",\"target\":{\"@type\":\"EntryPoint\",\"urlTemplate\":\"https:\\\/\\\/equipementsprogoedert.dev.apps.lu\\\/de\\\/?s={search_term_string}\"},\"query-input\":{\"@type\":\"PropertyValueSpecification\",\"valueRequired\":true,\"valueName\":\"search_term_string\"}}],\"inLanguage\":\"de\"},{\"@type\":\"Organization\",\"@id\":\"https:\\\/\\\/equipementsprogoedert.dev.apps.lu\\\/de\\\/#organization\",\"name\":\"Equipements Pro Goedert\",\"url\":\"https:\\\/\\\/equipementsprogoedert.dev.apps.lu\\\/de\\\/\",\"logo\":{\"@type\":\"ImageObject\",\"inLanguage\":\"de\",\"@id\":\"https:\\\/\\\/equipementsprogoedert.dev.apps.lu\\\/de\\\/#\\\/schema\\\/logo\\\/image\\\/\",\"url\":\"https:\\\/\\\/equipementsprogoedert.dev.apps.lu\\\/wp-content\\\/uploads\\\/2025\\\/05\\\/image-6-scaled.png\",\"contentUrl\":\"https:\\\/\\\/equipementsprogoedert.dev.apps.lu\\\/wp-content\\\/uploads\\\/2025\\\/05\\\/image-6-scaled.png\",\"width\":2560,\"height\":698,\"caption\":\"Equipements Pro Goedert\"},\"image\":{\"@id\":\"https:\\\/\\\/equipementsprogoedert.dev.apps.lu\\\/de\\\/#\\\/schema\\\/logo\\\/image\\\/\"}}]}<\/script>\n<!-- \/ Yoast SEO plugin. -->","yoast_head_json":{"title":"Stadtmobiliar - Equipements Pro Goedert","robots":{"index":"noindex","follow":"follow","max-snippet":"max-snippet:-1","max-image-preview":"max-image-preview:large","max-video-preview":"max-video-preview:-1"},"og_locale":"de_DE","og_type":"article","og_title":"Stadtmobiliar - Equipements Pro Goedert","og_url":"https:\/\/equipementsprogoedert.dev.apps.lu\/de\/stadtmobiliar\/","og_site_name":"Equipements Pro Goedert","article_modified_time":"2025-09-30T08:54:59+00:00","twitter_card":"summary_large_image","schema":{"@context":"https:\/\/schema.org","@graph":[{"@type":"WebPage","@id":"https:\/\/equipementsprogoedert.dev.apps.lu\/de\/stadtmobiliar\/","url":"https:\/\/equipementsprogoedert.dev.apps.lu\/de\/stadtmobiliar\/","name":"Stadtmobiliar - Equipements Pro Goedert","isPartOf":{"@id":"https:\/\/equipementsprogoedert.dev.apps.lu\/de\/#website"},"datePublished":"2025-09-05T15:06:38+00:00","dateModified":"2025-09-30T08:54:59+00:00","breadcrumb":{"@id":"https:\/\/equipementsprogoedert.dev.apps.lu\/de\/stadtmobiliar\/#breadcrumb"},"inLanguage":"de","potentialAction":[{"@type":"ReadAction","target":["https:\/\/equipementsprogoedert.dev.apps.lu\/de\/stadtmobiliar\/"]}]},{"@type":"BreadcrumbList","@id":"https:\/\/equipementsprogoedert.dev.apps.lu\/de\/stadtmobiliar\/#breadcrumb","itemListElement":[{"@type":"ListItem","position":1,"name":"Startseite","item":"https:\/\/equipementsprogoedert.dev.apps.lu\/de\/"},{"@type":"ListItem","position":2,"name":"Stadtmobiliar"}]},{"@type":"WebSite","@id":"https:\/\/equipementsprogoedert.dev.apps.lu\/de\/#website","url":"https:\/\/equipementsprogoedert.dev.apps.lu\/de\/","name":"Equipements Pro Goedert","description":"","publisher":{"@id":"https:\/\/equipementsprogoedert.dev.apps.lu\/de\/#organization"},"potentialAction":[{"@type":"SearchAction","target":{"@type":"EntryPoint","urlTemplate":"https:\/\/equipementsprogoedert.dev.apps.lu\/de\/?s={search_term_string}"},"query-input":{"@type":"PropertyValueSpecification","valueRequired":true,"valueName":"search_term_string"}}],"inLanguage":"de"},{"@type":"Organization","@id":"https:\/\/equipementsprogoedert.dev.apps.lu\/de\/#organization","name":"Equipements Pro Goedert","url":"https:\/\/equipementsprogoedert.dev.apps.lu\/de\/","logo":{"@type":"ImageObject","inLanguage":"de","@id":"https:\/\/equipementsprogoedert.dev.apps.lu\/de\/#\/schema\/logo\/image\/","url":"https:\/\/equipementsprogoedert.dev.apps.lu\/wp-content\/uploads\/2025\/05\/image-6-scaled.png","contentUrl":"https:\/\/equipementsprogoedert.dev.apps.lu\/wp-content\/uploads\/2025\/05\/image-6-scaled.png","width":2560,"height":698,"caption":"Equipements Pro Goedert"},"image":{"@id":"https:\/\/equipementsprogoedert.dev.apps.lu\/de\/#\/schema\/logo\/image\/"}}]}},"_links":{"self":[{"href":"https:\/\/equipementsprogoedert.dev.apps.lu\/de\/wp-json\/wp\/v2\/pages\/578","targetHints":{"allow":["GET"]}}],"collection":[{"href":"https:\/\/equipementsprogoedert.dev.apps.lu\/de\/wp-json\/wp\/v2\/pages"}],"about":[{"href":"https:\/\/equipementsprogoedert.dev.apps.lu\/de\/wp-json\/wp\/v2\/types\/page"}],"author":[{"embeddable":true,"href":"https:\/\/equipementsprogoedert.dev.apps.lu\/de\/wp-json\/wp\/v2\/users\/1"}],"replies":[{"embeddable":true,"href":"https:\/\/equipementsprogoedert.dev.apps.lu\/de\/wp-json\/wp\/v2\/comments?post=578"}],"version-history":[{"count":0,"href":"https:\/\/equipementsprogoedert.dev.apps.lu\/de\/wp-json\/wp\/v2\/pages\/578\/revisions"}],"wp:attachment":[{"href":"https:\/\/equipementsprogoedert.dev.apps.lu\/de\/wp-json\/wp\/v2\/media?parent=578"}],"curies":[{"name":"wp","href":"https:\/\/api.w.org\/{rel}","templated":true}]}}