{"id":577,"date":"2025-07-21T13:57:06","date_gmt":"2025-07-21T13:57:06","guid":{"rendered":"https:\/\/equipementsprogoedert.dev.apps.lu\/lastenaufzuege\/"},"modified":"2025-09-30T08:54:53","modified_gmt":"2025-09-30T08:54:53","slug":"lastenaufzuege","status":"publish","type":"page","link":"https:\/\/equipementsprogoedert.dev.apps.lu\/de\/lastenaufzuege\/","title":{"rendered":"Lastenaufz\u00fcge"},"content":{"rendered":"<div class=\"et_pb_section_0 et_pb_section et_section_regular et_block_section\">\n<div class=\"et_pb_row_0 et_pb_row et_block_row preset--module--divi-row--kwky0415fp\">\n<div class=\"et_pb_column_0 et_pb_column et_pb_column_4_4 et-last-child et_block_column et_pb_css_mix_blend_mode_passthrough\">\n<div class=\"et_pb_heading_0 et_pb_heading et_pb_module et_flex_module\"><div class=\"et_pb_heading_container\"><h1 class=\"et_pb_module_header\">Lastenaufz\u00fcge<\/h1><\/div><\/div>\n<\/div>\n<\/div>\n<\/div>\n\n<div class=\"et_pb_section_1 et_pb_section et_section_regular et_flex_section\">\n<div class=\"et_pb_row_1 et_pb_row et_flex_row\">\n<div class=\"et_pb_column_1 et_pb_column et-last-child et_flex_column et_pb_css_mix_blend_mode_passthrough et_flex_column_24_24 et_flex_column_24_24_tablet et_flex_column_24_24_phone et_flex_column_24_24_tabletWide\">\n<div class=\"et_pb_divider_0 et_pb_divider_hidden et_pb_space et_pb_divider_position_top et_pb_module\"><div class=\"et_pb_divider_internal\"><\/div><\/div>\n<\/div>\n<\/div>\n\n<div class=\"et_pb_row_2 et_pb_row et_flex_row\">\n<div class=\"et_pb_column_2 et_pb_column et-last-child et_flex_column et_pb_css_mix_blend_mode_passthrough et_flex_column_24_24 et_flex_column_24_24_tablet et_flex_column_24_24_phone et_flex_column_24_24_tabletWide\">\n<div class=\"et_pb_text_0 et_pb_text et_pb_bg_layout_light et_pb_module et_flex_module\"><div class=\"et_pb_text_inner\"><h5><strong>ENTLASTEN SIE BAUSTELLENARBEITER<br \/>UND VEREINFACHEN SIE T\u00c4GLICHE AUFGABEN<\/strong><\/h5>\n<p>Mit den Lasten- und Personenaufz\u00fcgen unseres Partners GEDA reduzieren Sie den Transportaufwand<\/p>\n<p>Zahnstangen-Lastenaufz\u00fcge bieten ma\u00dfgeschneiderte L\u00f6sungen f\u00fcr eine Vielzahl von Anwendungen. Ob f\u00fcr den Materialtransport auf Baustellen, die Ger\u00fcstmontage, Sanierungen oder Neubauten \u2013 diese Ger\u00e4te gew\u00e4hrleisten Sicherheit und Effizienz. Von Transportb\u00fchnen f\u00fcr Personen und Material \u00fcber geschlossene Bauaufz\u00fcge bis hin zu mastgef\u00fchrten Arbeitsb\u00fchnen basiert jedes Modell auf einem bew\u00e4hrten Zahnstangen- und Ritzelsystem, das Robustheit und Zuverl\u00e4ssigkeit garantiert.  <\/p>\n<p>Mit einer breiten Palette an Plattformen, verschiedenen F\u00f6rderh\u00f6hen, unterschiedlichen Tragf\u00e4higkeiten und angepassten Hubgeschwindigkeiten passen sich die GEDA-Lastenaufz\u00fcge allen Anforderungen an. Dank spezifischem Zubeh\u00f6r bieten diese Ger\u00e4te optimale Flexibilit\u00e4t, um den Anforderungen jeder Baustelle gerecht zu werden. <\/p>\n<p>Die Leistung der Transportb\u00fchne GEDA 500 Z\/ZP erf\u00fcllt die anspruchsvollen Bedingungen auf Baustellen und bietet eine hohe Nutzungsflexibilit\u00e4t sowie zahlreiche Vorteile.<\/p>\n<\/div><\/div>\n<\/div>\n<\/div>\n\n<div class=\"et_pb_row_3 et_pb_row et_flex_row\">\n<div class=\"et_pb_column_3 et_pb_column et-last-child et_flex_column et_pb_css_mix_blend_mode_passthrough et_flex_column_24_24 et_flex_column_24_24_tablet et_flex_column_24_24_phone et_flex_column_24_24_tabletWide\">\n<div class=\"et_pb_image_0 et_pb_image et_pb_module et_flex_module\"><span class=\"et_pb_image_wrap\"><img loading=\"lazy\" decoding=\"async\" src=\"https:\/\/equipementsprogoedert.dev.apps.lu\/wp-content\/uploads\/montecharges_2.jpg\" width=\"886\" height=\"912\" srcset=\"https:\/\/equipementsprogoedert.dev.apps.lu\/wp-content\/uploads\/montecharges_2.jpg 886w, https:\/\/equipementsprogoedert.dev.apps.lu\/wp-content\/uploads\/montecharges_2-480x494.jpg 480w\" sizes=\"(min-width: 0px) and (max-width: 480px) 480px, (min-width: 481px) 886px, 100vw\" class=\"wp-image-232\" \/><\/span><\/div>\n<\/div>\n<\/div>\n\n<div class=\"et_pb_row_4 et_pb_row et_flex_row\">\n<div class=\"et_pb_column_4 et_pb_column et-last-child et_flex_column et_pb_css_mix_blend_mode_passthrough et_flex_column_24_24 et_flex_column_24_24_tablet et_flex_column_24_24_phone et_flex_column_24_24_tabletWide\">\n<div class=\"et_pb_image_1 et_pb_image et_pb_module et_flex_module\"><span class=\"et_pb_image_wrap\"><img loading=\"lazy\" decoding=\"async\" src=\"https:\/\/equipementsprogoedert.dev.apps.lu\/wp-content\/uploads\/montecharges_3.jpg\" width=\"649\" height=\"771\" srcset=\"https:\/\/equipementsprogoedert.dev.apps.lu\/wp-content\/uploads\/montecharges_3.jpg 649w, https:\/\/equipementsprogoedert.dev.apps.lu\/wp-content\/uploads\/montecharges_3-480x570.jpg 480w\" sizes=\"(min-width: 0px) and (max-width: 480px) 480px, (min-width: 481px) 649px, 100vw\" class=\"wp-image-231\" \/><\/span><\/div>\n\n<div class=\"et_pb_image_2 et_pb_image et_pb_module et_flex_module\"><span class=\"et_pb_image_wrap\"><img loading=\"lazy\" decoding=\"async\" src=\"https:\/\/equipementsprogoedert.dev.apps.lu\/wp-content\/uploads\/montecharges_4-scaled.jpg\" width=\"1426\" height=\"2560\" srcset=\"https:\/\/equipementsprogoedert.dev.apps.lu\/wp-content\/uploads\/montecharges_4-scaled.jpg 1426w, https:\/\/equipementsprogoedert.dev.apps.lu\/wp-content\/uploads\/montecharges_4-1280x2298.jpg 1280w, https:\/\/equipementsprogoedert.dev.apps.lu\/wp-content\/uploads\/montecharges_4-980x1759.jpg 980w, https:\/\/equipementsprogoedert.dev.apps.lu\/wp-content\/uploads\/montecharges_4-480x862.jpg 480w\" sizes=\"(min-width: 0px) and (max-width: 480px) 480px, (min-width: 481px) and (max-width: 980px) 980px, (min-width: 981px) and (max-width: 1280px) 1280px, (min-width: 1281px) 1426px, 100vw\" class=\"wp-image-233\" \/><\/span><\/div>\n<\/div>\n<\/div>\n\n<div class=\"et_pb_row_5 et_pb_row et_flex_row\">\n<div class=\"et_pb_column_5 et_pb_column et-last-child et_flex_column et_pb_css_mix_blend_mode_passthrough et_flex_column_24_24 et_flex_column_24_24_tablet et_flex_column_24_24_phone et_flex_column_24_24_tabletWide\">\n<div class=\"et_pb_module et_pb_button_module_wrapper et_pb_button_0_wrapper preset--module--divi-button--default_wrapper\"><a class=\"et_pb_button_0 et_pb_button et_pb_bg_layout_light et_pb_module et_flex_module preset--module--divi-button--default\" href=\"\">Angebot anfordern<\/a><\/div>\n<\/div>\n<\/div>\n<\/div>\n\n<div class=\"et_pb_section_2 et_pb_section et_section_regular et_flex_section\">\n<div class=\"et_pb_row_6 et_pb_row et-vb-row--no-module et_flex_row\">\n<div class=\"et_pb_column_6 et_pb_column et-last-child et_flex_column et_pb_column_empty et_pb_css_mix_blend_mode_passthrough et_flex_column_24_24 et_flex_column_24_24_tablet et_flex_column_24_24_phone et_flex_column_24_24_tabletWide\"><\/div>\n<\/div>\n<\/div>","protected":false},"excerpt":{"rendered":"","protected":false},"author":1,"featured_media":0,"parent":0,"menu_order":0,"comment_status":"closed","ping_status":"closed","template":"","meta":{"footnotes":""},"class_list":["post-577","page","type-page","status-publish","hentry"],"yoast_head":"<!-- This site is optimized with the Yoast SEO plugin v27.3 - https:\/\/yoast.com\/product\/yoast-seo-wordpress\/ -->\n<title>Lastenaufz\u00fcge - Equipements Pro Goedert<\/title>\n<meta name=\"robots\" content=\"noindex, follow, max-snippet:-1, max-image-preview:large, max-video-preview:-1\" \/>\n<meta property=\"og:locale\" content=\"de_DE\" \/>\n<meta property=\"og:type\" content=\"article\" \/>\n<meta property=\"og:title\" content=\"Lastenaufz\u00fcge - Equipements Pro Goedert\" \/>\n<meta property=\"og:url\" content=\"https:\/\/equipementsprogoedert.dev.apps.lu\/de\/lastenaufzuege\/\" \/>\n<meta property=\"og:site_name\" content=\"Equipements Pro Goedert\" \/>\n<meta property=\"article:modified_time\" content=\"2025-09-30T08:54:53+00:00\" \/>\n<meta name=\"twitter:card\" content=\"summary_large_image\" \/>\n<script type=\"application\/ld+json\" class=\"yoast-schema-graph\">{\"@context\":\"https:\\\/\\\/schema.org\",\"@graph\":[{\"@type\":\"WebPage\",\"@id\":\"https:\\\/\\\/equipementsprogoedert.dev.apps.lu\\\/de\\\/lastenaufzuege\\\/\",\"url\":\"https:\\\/\\\/equipementsprogoedert.dev.apps.lu\\\/de\\\/lastenaufzuege\\\/\",\"name\":\"Lastenaufz\u00fcge - Equipements Pro Goedert\",\"isPartOf\":{\"@id\":\"https:\\\/\\\/equipementsprogoedert.dev.apps.lu\\\/de\\\/#website\"},\"datePublished\":\"2025-07-21T13:57:06+00:00\",\"dateModified\":\"2025-09-30T08:54:53+00:00\",\"breadcrumb\":{\"@id\":\"https:\\\/\\\/equipementsprogoedert.dev.apps.lu\\\/de\\\/lastenaufzuege\\\/#breadcrumb\"},\"inLanguage\":\"de\",\"potentialAction\":[{\"@type\":\"ReadAction\",\"target\":[\"https:\\\/\\\/equipementsprogoedert.dev.apps.lu\\\/de\\\/lastenaufzuege\\\/\"]}]},{\"@type\":\"BreadcrumbList\",\"@id\":\"https:\\\/\\\/equipementsprogoedert.dev.apps.lu\\\/de\\\/lastenaufzuege\\\/#breadcrumb\",\"itemListElement\":[{\"@type\":\"ListItem\",\"position\":1,\"name\":\"Startseite\",\"item\":\"https:\\\/\\\/equipementsprogoedert.dev.apps.lu\\\/de\\\/\"},{\"@type\":\"ListItem\",\"position\":2,\"name\":\"Lastenaufz\u00fcge\"}]},{\"@type\":\"WebSite\",\"@id\":\"https:\\\/\\\/equipementsprogoedert.dev.apps.lu\\\/de\\\/#website\",\"url\":\"https:\\\/\\\/equipementsprogoedert.dev.apps.lu\\\/de\\\/\",\"name\":\"Equipements Pro Goedert\",\"description\":\"\",\"publisher\":{\"@id\":\"https:\\\/\\\/equipementsprogoedert.dev.apps.lu\\\/de\\\/#organization\"},\"potentialAction\":[{\"@type\":\"SearchAction\",\"target\":{\"@type\":\"EntryPoint\",\"urlTemplate\":\"https:\\\/\\\/equipementsprogoedert.dev.apps.lu\\\/de\\\/?s={search_term_string}\"},\"query-input\":{\"@type\":\"PropertyValueSpecification\",\"valueRequired\":true,\"valueName\":\"search_term_string\"}}],\"inLanguage\":\"de\"},{\"@type\":\"Organization\",\"@id\":\"https:\\\/\\\/equipementsprogoedert.dev.apps.lu\\\/de\\\/#organization\",\"name\":\"Equipements Pro Goedert\",\"url\":\"https:\\\/\\\/equipementsprogoedert.dev.apps.lu\\\/de\\\/\",\"logo\":{\"@type\":\"ImageObject\",\"inLanguage\":\"de\",\"@id\":\"https:\\\/\\\/equipementsprogoedert.dev.apps.lu\\\/de\\\/#\\\/schema\\\/logo\\\/image\\\/\",\"url\":\"https:\\\/\\\/equipementsprogoedert.dev.apps.lu\\\/wp-content\\\/uploads\\\/2025\\\/05\\\/image-6-scaled.png\",\"contentUrl\":\"https:\\\/\\\/equipementsprogoedert.dev.apps.lu\\\/wp-content\\\/uploads\\\/2025\\\/05\\\/image-6-scaled.png\",\"width\":2560,\"height\":698,\"caption\":\"Equipements Pro Goedert\"},\"image\":{\"@id\":\"https:\\\/\\\/equipementsprogoedert.dev.apps.lu\\\/de\\\/#\\\/schema\\\/logo\\\/image\\\/\"}}]}<\/script>\n<!-- \/ Yoast SEO plugin. -->","yoast_head_json":{"title":"Lastenaufz\u00fcge - Equipements Pro Goedert","robots":{"index":"noindex","follow":"follow","max-snippet":"max-snippet:-1","max-image-preview":"max-image-preview:large","max-video-preview":"max-video-preview:-1"},"og_locale":"de_DE","og_type":"article","og_title":"Lastenaufz\u00fcge - Equipements Pro Goedert","og_url":"https:\/\/equipementsprogoedert.dev.apps.lu\/de\/lastenaufzuege\/","og_site_name":"Equipements Pro Goedert","article_modified_time":"2025-09-30T08:54:53+00:00","twitter_card":"summary_large_image","schema":{"@context":"https:\/\/schema.org","@graph":[{"@type":"WebPage","@id":"https:\/\/equipementsprogoedert.dev.apps.lu\/de\/lastenaufzuege\/","url":"https:\/\/equipementsprogoedert.dev.apps.lu\/de\/lastenaufzuege\/","name":"Lastenaufz\u00fcge - Equipements Pro Goedert","isPartOf":{"@id":"https:\/\/equipementsprogoedert.dev.apps.lu\/de\/#website"},"datePublished":"2025-07-21T13:57:06+00:00","dateModified":"2025-09-30T08:54:53+00:00","breadcrumb":{"@id":"https:\/\/equipementsprogoedert.dev.apps.lu\/de\/lastenaufzuege\/#breadcrumb"},"inLanguage":"de","potentialAction":[{"@type":"ReadAction","target":["https:\/\/equipementsprogoedert.dev.apps.lu\/de\/lastenaufzuege\/"]}]},{"@type":"BreadcrumbList","@id":"https:\/\/equipementsprogoedert.dev.apps.lu\/de\/lastenaufzuege\/#breadcrumb","itemListElement":[{"@type":"ListItem","position":1,"name":"Startseite","item":"https:\/\/equipementsprogoedert.dev.apps.lu\/de\/"},{"@type":"ListItem","position":2,"name":"Lastenaufz\u00fcge"}]},{"@type":"WebSite","@id":"https:\/\/equipementsprogoedert.dev.apps.lu\/de\/#website","url":"https:\/\/equipementsprogoedert.dev.apps.lu\/de\/","name":"Equipements Pro Goedert","description":"","publisher":{"@id":"https:\/\/equipementsprogoedert.dev.apps.lu\/de\/#organization"},"potentialAction":[{"@type":"SearchAction","target":{"@type":"EntryPoint","urlTemplate":"https:\/\/equipementsprogoedert.dev.apps.lu\/de\/?s={search_term_string}"},"query-input":{"@type":"PropertyValueSpecification","valueRequired":true,"valueName":"search_term_string"}}],"inLanguage":"de"},{"@type":"Organization","@id":"https:\/\/equipementsprogoedert.dev.apps.lu\/de\/#organization","name":"Equipements Pro Goedert","url":"https:\/\/equipementsprogoedert.dev.apps.lu\/de\/","logo":{"@type":"ImageObject","inLanguage":"de","@id":"https:\/\/equipementsprogoedert.dev.apps.lu\/de\/#\/schema\/logo\/image\/","url":"https:\/\/equipementsprogoedert.dev.apps.lu\/wp-content\/uploads\/2025\/05\/image-6-scaled.png","contentUrl":"https:\/\/equipementsprogoedert.dev.apps.lu\/wp-content\/uploads\/2025\/05\/image-6-scaled.png","width":2560,"height":698,"caption":"Equipements Pro Goedert"},"image":{"@id":"https:\/\/equipementsprogoedert.dev.apps.lu\/de\/#\/schema\/logo\/image\/"}}]}},"_links":{"self":[{"href":"https:\/\/equipementsprogoedert.dev.apps.lu\/de\/wp-json\/wp\/v2\/pages\/577","targetHints":{"allow":["GET"]}}],"collection":[{"href":"https:\/\/equipementsprogoedert.dev.apps.lu\/de\/wp-json\/wp\/v2\/pages"}],"about":[{"href":"https:\/\/equipementsprogoedert.dev.apps.lu\/de\/wp-json\/wp\/v2\/types\/page"}],"author":[{"embeddable":true,"href":"https:\/\/equipementsprogoedert.dev.apps.lu\/de\/wp-json\/wp\/v2\/users\/1"}],"replies":[{"embeddable":true,"href":"https:\/\/equipementsprogoedert.dev.apps.lu\/de\/wp-json\/wp\/v2\/comments?post=577"}],"version-history":[{"count":0,"href":"https:\/\/equipementsprogoedert.dev.apps.lu\/de\/wp-json\/wp\/v2\/pages\/577\/revisions"}],"wp:attachment":[{"href":"https:\/\/equipementsprogoedert.dev.apps.lu\/de\/wp-json\/wp\/v2\/media?parent=577"}],"curies":[{"name":"wp","href":"https:\/\/api.w.org\/{rel}","templated":true}]}}