{"id":572,"date":"2025-07-22T07:41:08","date_gmt":"2025-07-22T07:41:08","guid":{"rendered":"https:\/\/equipementsprogoedert.dev.apps.lu\/leitern-und-zubehoer\/"},"modified":"2025-09-30T08:54:11","modified_gmt":"2025-09-30T08:54:11","slug":"leitern-und-zubehoer","status":"publish","type":"page","link":"https:\/\/equipementsprogoedert.dev.apps.lu\/de\/leitern-und-zubehoer\/","title":{"rendered":"Leitern und Zubeh\u00f6r"},"content":{"rendered":"<div class=\"et_pb_section_0 et_pb_section et_section_regular et_block_section\">\n<div class=\"et_pb_row_0 et_pb_row et_block_row preset--module--divi-row--kwky0415fp\">\n<div class=\"et_pb_column_0 et_pb_column et_pb_column_4_4 et-last-child et_block_column et_pb_css_mix_blend_mode_passthrough\">\n<div class=\"et_pb_heading_0 et_pb_heading et_pb_module et_flex_module\"><div class=\"et_pb_heading_container\"><h1 class=\"et_pb_module_header\">Leitern und Zubeh\u00f6r<\/h1><\/div><\/div>\n<\/div>\n<\/div>\n<\/div>\n\n<div class=\"et_pb_section_1 et_pb_section et_section_regular et_flex_section\">\n<div class=\"et_pb_row_1 et_pb_row et_flex_row\">\n<div class=\"et_pb_column_1 et_pb_column et-last-child et_flex_column et_pb_css_mix_blend_mode_passthrough et_flex_column_24_24 et_flex_column_24_24_tablet et_flex_column_24_24_phone et_flex_column_24_24_tabletWide\">\n<div class=\"et_pb_divider_0 et_pb_divider_hidden et_pb_space et_pb_divider_position_top et_pb_module\"><div class=\"et_pb_divider_internal\"><\/div><\/div>\n<\/div>\n<\/div>\n\n<div class=\"et_pb_row_2 et_pb_row et_flex_row\">\n<div class=\"et_pb_column_2 et_pb_column et-last-child et_flex_column et_pb_css_mix_blend_mode_passthrough et_flex_column_24_24 et_flex_column_24_24_tablet et_flex_column_24_24_phone et_flex_column_24_24_tabletWide\">\n<div class=\"et_pb_text_0 et_pb_text et_pb_bg_layout_light et_pb_module et_flex_module\"><div class=\"et_pb_text_inner\"><h5><strong>SICHERHEIT UND LEISTUNG F\u00dcR ALLE ARBEITEN<\/strong><\/h5>\n<p>Unsere Leitern vereinen Robustheit, Sicherheit und Innovation, um den Anforderungen von Bau- und Industrieexperten gerecht zu werden. Erh\u00e4ltlich in verschiedenen Modellen \u2013 einfache, doppelte, Schiebe- und Mehrzweckleitern \u2013 sind sie so konzipiert, dass sie optimalen Komfort und maximale Stabilit\u00e4t bieten. Dank hochwertiger Materialien wie stranggepresstem Aluminium und rutschfesten F\u00fc\u00dfen gew\u00e4hrleisten sie einen sicheren Einsatz auf allen Arten von Baustellen.  <\/p>\n<p>&nbsp;<\/p>\n<\/div><\/div>\n<\/div>\n<\/div>\n\n<div class=\"et_pb_row_3 et_pb_row et_flex_row\">\n<div class=\"et_pb_column_3 et_pb_column et-last-child et_flex_column et_pb_css_mix_blend_mode_passthrough et_flex_column_24_24 et_flex_column_24_24_tablet et_flex_column_24_24_phone et_flex_column_24_24_tabletWide\">\n<div class=\"et_pb_text_1 et_pb_text et_pb_bg_layout_light et_pb_module et_flex_module\"><div class=\"et_pb_text_inner\"><h5>Leitern f\u00fcr jede Situation<\/h5>\n<p><span>Ob Sie eine <strong>einfache Leiter<\/strong> f\u00fcr einen schnellen Zugang ben\u00f6tigen, eine <strong>Schiebeleiter<\/strong>, um gro\u00dfe H\u00f6hen zu erreichen, oder eine modulare <strong>Mehrzweckleiter<\/strong> f\u00fcr verschiedene Anwendungen, wir bieten passende L\u00f6sungen an. Spezielle Modelle, wie <strong>Dachdeckerleitern<\/strong>, sind darauf ausgelegt, den Anforderungen spezialisierter Berufe gerecht zu werden, mit verst\u00e4rkten Sprossen und optimierten Befestigungssystemen. <\/span><\/p>\n<p>&nbsp;<\/p>\n<\/div><\/div>\n<\/div>\n<\/div>\n\n<div class=\"et_pb_row_4 et_pb_row et_flex_row\">\n<div class=\"et_pb_column_4 et_pb_column et-last-child et_flex_column et_pb_css_mix_blend_mode_passthrough et_flex_column_24_24 et_flex_column_24_24_tablet et_flex_column_24_24_phone et_flex_column_24_24_tabletWide\">\n<div class=\"et_pb_text_2 et_pb_text et_pb_bg_layout_light et_pb_module et_flex_module\"><div class=\"et_pb_text_inner\"><h5><span>Sicherheit und Konformit\u00e4t mit europ\u00e4ischen Normen<\/span><\/h5>\n<p><span>Bei <strong>Equipements Pro Goedert<\/strong> hat Sicherheit oberste Priorit\u00e4t. Alle Leitern entsprechen den Normen NF EN 131 und sind mit Stabilisatorbalken f\u00fcr erh\u00f6hte Standsicherheit ausgestattet. Zubeh\u00f6r wie Befestigungshaken, Transportrollen und rei\u00dffeste Gurte erg\u00e4nzen das Angebot und gew\u00e4hrleisten eine perfekte Ergonomie.  <\/span><\/p>\n<p>&nbsp;<\/p>\n<\/div><\/div>\n<\/div>\n<\/div>\n\n<div class=\"et_pb_row_5 et_pb_row et_flex_row\">\n<div class=\"et_pb_column_5 et_pb_column et-last-child et_flex_column et_pb_css_mix_blend_mode_passthrough et_flex_column_24_24 et_flex_column_24_24_tablet et_flex_column_24_24_phone et_flex_column_24_24_tabletWide\">\n<div class=\"et_pb_image_0 et_pb_image et_pb_module et_flex_module\"><span class=\"et_pb_image_wrap\"><img loading=\"lazy\" decoding=\"async\" src=\"https:\/\/equipementsprogoedert.dev.apps.lu\/wp-content\/uploads\/Echelle-2.jpeg\" width=\"600\" height=\"600\" srcset=\"https:\/\/equipementsprogoedert.dev.apps.lu\/wp-content\/uploads\/Echelle-2.jpeg 600w, https:\/\/equipementsprogoedert.dev.apps.lu\/wp-content\/uploads\/Echelle-2-480x480.jpeg 480w\" sizes=\"(min-width: 0px) and (max-width: 480px) 480px, (min-width: 481px) 600px, 100vw\" class=\"wp-image-164\" \/><\/span><\/div>\n\n<div class=\"et_pb_image_1 et_pb_image et_pb_module et_flex_module\"><span class=\"et_pb_image_wrap\"><img loading=\"lazy\" decoding=\"async\" src=\"https:\/\/equipementsprogoedert.dev.apps.lu\/wp-content\/uploads\/Echelle-1.jpg\" width=\"1200\" height=\"900\" srcset=\"https:\/\/equipementsprogoedert.dev.apps.lu\/wp-content\/uploads\/Echelle-1.jpg 1200w, https:\/\/equipementsprogoedert.dev.apps.lu\/wp-content\/uploads\/Echelle-1-980x735.jpg 980w, https:\/\/equipementsprogoedert.dev.apps.lu\/wp-content\/uploads\/Echelle-1-480x360.jpg 480w\" sizes=\"(min-width: 0px) and (max-width: 480px) 480px, (min-width: 481px) and (max-width: 980px) 980px, (min-width: 981px) 1200px, 100vw\" class=\"wp-image-163\" \/><\/span><\/div>\n<\/div>\n<\/div>\n\n<div class=\"et_pb_row_6 et_pb_row et_flex_row\">\n<div class=\"et_pb_column_6 et_pb_column et-last-child et_flex_column et_pb_css_mix_blend_mode_passthrough et_flex_column_24_24 et_flex_column_24_24_tablet et_flex_column_24_24_phone et_flex_column_24_24_tabletWide\">\n<div class=\"et_pb_module et_pb_button_module_wrapper et_pb_button_0_wrapper preset--module--divi-button--default_wrapper\"><a class=\"et_pb_button_0 et_pb_button et_pb_bg_layout_light et_pb_module et_flex_module preset--module--divi-button--default\" href=\"\">Angebot anfordern<\/a><\/div>\n<\/div>\n<\/div>\n<\/div>","protected":false},"excerpt":{"rendered":"","protected":false},"author":1,"featured_media":0,"parent":0,"menu_order":0,"comment_status":"closed","ping_status":"closed","template":"","meta":{"footnotes":""},"class_list":["post-572","page","type-page","status-publish","hentry"],"yoast_head":"<!-- This site is optimized with the Yoast SEO plugin v27.3 - https:\/\/yoast.com\/product\/yoast-seo-wordpress\/ -->\n<title>Leitern und Zubeh\u00f6r - Equipements Pro Goedert<\/title>\n<meta name=\"robots\" content=\"noindex, follow, max-snippet:-1, max-image-preview:large, max-video-preview:-1\" \/>\n<meta property=\"og:locale\" content=\"de_DE\" \/>\n<meta property=\"og:type\" content=\"article\" \/>\n<meta property=\"og:title\" content=\"Leitern und Zubeh\u00f6r - Equipements Pro Goedert\" \/>\n<meta property=\"og:url\" content=\"https:\/\/equipementsprogoedert.dev.apps.lu\/de\/leitern-und-zubehoer\/\" \/>\n<meta property=\"og:site_name\" content=\"Equipements Pro Goedert\" \/>\n<meta property=\"article:modified_time\" content=\"2025-09-30T08:54:11+00:00\" \/>\n<meta name=\"twitter:card\" content=\"summary_large_image\" \/>\n<script type=\"application\/ld+json\" class=\"yoast-schema-graph\">{\"@context\":\"https:\\\/\\\/schema.org\",\"@graph\":[{\"@type\":\"WebPage\",\"@id\":\"https:\\\/\\\/equipementsprogoedert.dev.apps.lu\\\/de\\\/leitern-und-zubehoer\\\/\",\"url\":\"https:\\\/\\\/equipementsprogoedert.dev.apps.lu\\\/de\\\/leitern-und-zubehoer\\\/\",\"name\":\"Leitern und Zubeh\u00f6r - Equipements Pro Goedert\",\"isPartOf\":{\"@id\":\"https:\\\/\\\/equipementsprogoedert.dev.apps.lu\\\/de\\\/#website\"},\"datePublished\":\"2025-07-22T07:41:08+00:00\",\"dateModified\":\"2025-09-30T08:54:11+00:00\",\"breadcrumb\":{\"@id\":\"https:\\\/\\\/equipementsprogoedert.dev.apps.lu\\\/de\\\/leitern-und-zubehoer\\\/#breadcrumb\"},\"inLanguage\":\"de\",\"potentialAction\":[{\"@type\":\"ReadAction\",\"target\":[\"https:\\\/\\\/equipementsprogoedert.dev.apps.lu\\\/de\\\/leitern-und-zubehoer\\\/\"]}]},{\"@type\":\"BreadcrumbList\",\"@id\":\"https:\\\/\\\/equipementsprogoedert.dev.apps.lu\\\/de\\\/leitern-und-zubehoer\\\/#breadcrumb\",\"itemListElement\":[{\"@type\":\"ListItem\",\"position\":1,\"name\":\"Startseite\",\"item\":\"https:\\\/\\\/equipementsprogoedert.dev.apps.lu\\\/de\\\/\"},{\"@type\":\"ListItem\",\"position\":2,\"name\":\"Leitern und Zubeh\u00f6r\"}]},{\"@type\":\"WebSite\",\"@id\":\"https:\\\/\\\/equipementsprogoedert.dev.apps.lu\\\/de\\\/#website\",\"url\":\"https:\\\/\\\/equipementsprogoedert.dev.apps.lu\\\/de\\\/\",\"name\":\"Equipements Pro Goedert\",\"description\":\"\",\"publisher\":{\"@id\":\"https:\\\/\\\/equipementsprogoedert.dev.apps.lu\\\/de\\\/#organization\"},\"potentialAction\":[{\"@type\":\"SearchAction\",\"target\":{\"@type\":\"EntryPoint\",\"urlTemplate\":\"https:\\\/\\\/equipementsprogoedert.dev.apps.lu\\\/de\\\/?s={search_term_string}\"},\"query-input\":{\"@type\":\"PropertyValueSpecification\",\"valueRequired\":true,\"valueName\":\"search_term_string\"}}],\"inLanguage\":\"de\"},{\"@type\":\"Organization\",\"@id\":\"https:\\\/\\\/equipementsprogoedert.dev.apps.lu\\\/de\\\/#organization\",\"name\":\"Equipements Pro Goedert\",\"url\":\"https:\\\/\\\/equipementsprogoedert.dev.apps.lu\\\/de\\\/\",\"logo\":{\"@type\":\"ImageObject\",\"inLanguage\":\"de\",\"@id\":\"https:\\\/\\\/equipementsprogoedert.dev.apps.lu\\\/de\\\/#\\\/schema\\\/logo\\\/image\\\/\",\"url\":\"https:\\\/\\\/equipementsprogoedert.dev.apps.lu\\\/wp-content\\\/uploads\\\/2025\\\/05\\\/image-6-scaled.png\",\"contentUrl\":\"https:\\\/\\\/equipementsprogoedert.dev.apps.lu\\\/wp-content\\\/uploads\\\/2025\\\/05\\\/image-6-scaled.png\",\"width\":2560,\"height\":698,\"caption\":\"Equipements Pro Goedert\"},\"image\":{\"@id\":\"https:\\\/\\\/equipementsprogoedert.dev.apps.lu\\\/de\\\/#\\\/schema\\\/logo\\\/image\\\/\"}}]}<\/script>\n<!-- \/ Yoast SEO plugin. -->","yoast_head_json":{"title":"Leitern und Zubeh\u00f6r - Equipements Pro Goedert","robots":{"index":"noindex","follow":"follow","max-snippet":"max-snippet:-1","max-image-preview":"max-image-preview:large","max-video-preview":"max-video-preview:-1"},"og_locale":"de_DE","og_type":"article","og_title":"Leitern und Zubeh\u00f6r - Equipements Pro Goedert","og_url":"https:\/\/equipementsprogoedert.dev.apps.lu\/de\/leitern-und-zubehoer\/","og_site_name":"Equipements Pro Goedert","article_modified_time":"2025-09-30T08:54:11+00:00","twitter_card":"summary_large_image","schema":{"@context":"https:\/\/schema.org","@graph":[{"@type":"WebPage","@id":"https:\/\/equipementsprogoedert.dev.apps.lu\/de\/leitern-und-zubehoer\/","url":"https:\/\/equipementsprogoedert.dev.apps.lu\/de\/leitern-und-zubehoer\/","name":"Leitern und Zubeh\u00f6r - Equipements Pro Goedert","isPartOf":{"@id":"https:\/\/equipementsprogoedert.dev.apps.lu\/de\/#website"},"datePublished":"2025-07-22T07:41:08+00:00","dateModified":"2025-09-30T08:54:11+00:00","breadcrumb":{"@id":"https:\/\/equipementsprogoedert.dev.apps.lu\/de\/leitern-und-zubehoer\/#breadcrumb"},"inLanguage":"de","potentialAction":[{"@type":"ReadAction","target":["https:\/\/equipementsprogoedert.dev.apps.lu\/de\/leitern-und-zubehoer\/"]}]},{"@type":"BreadcrumbList","@id":"https:\/\/equipementsprogoedert.dev.apps.lu\/de\/leitern-und-zubehoer\/#breadcrumb","itemListElement":[{"@type":"ListItem","position":1,"name":"Startseite","item":"https:\/\/equipementsprogoedert.dev.apps.lu\/de\/"},{"@type":"ListItem","position":2,"name":"Leitern und Zubeh\u00f6r"}]},{"@type":"WebSite","@id":"https:\/\/equipementsprogoedert.dev.apps.lu\/de\/#website","url":"https:\/\/equipementsprogoedert.dev.apps.lu\/de\/","name":"Equipements Pro Goedert","description":"","publisher":{"@id":"https:\/\/equipementsprogoedert.dev.apps.lu\/de\/#organization"},"potentialAction":[{"@type":"SearchAction","target":{"@type":"EntryPoint","urlTemplate":"https:\/\/equipementsprogoedert.dev.apps.lu\/de\/?s={search_term_string}"},"query-input":{"@type":"PropertyValueSpecification","valueRequired":true,"valueName":"search_term_string"}}],"inLanguage":"de"},{"@type":"Organization","@id":"https:\/\/equipementsprogoedert.dev.apps.lu\/de\/#organization","name":"Equipements Pro Goedert","url":"https:\/\/equipementsprogoedert.dev.apps.lu\/de\/","logo":{"@type":"ImageObject","inLanguage":"de","@id":"https:\/\/equipementsprogoedert.dev.apps.lu\/de\/#\/schema\/logo\/image\/","url":"https:\/\/equipementsprogoedert.dev.apps.lu\/wp-content\/uploads\/2025\/05\/image-6-scaled.png","contentUrl":"https:\/\/equipementsprogoedert.dev.apps.lu\/wp-content\/uploads\/2025\/05\/image-6-scaled.png","width":2560,"height":698,"caption":"Equipements Pro Goedert"},"image":{"@id":"https:\/\/equipementsprogoedert.dev.apps.lu\/de\/#\/schema\/logo\/image\/"}}]}},"_links":{"self":[{"href":"https:\/\/equipementsprogoedert.dev.apps.lu\/de\/wp-json\/wp\/v2\/pages\/572","targetHints":{"allow":["GET"]}}],"collection":[{"href":"https:\/\/equipementsprogoedert.dev.apps.lu\/de\/wp-json\/wp\/v2\/pages"}],"about":[{"href":"https:\/\/equipementsprogoedert.dev.apps.lu\/de\/wp-json\/wp\/v2\/types\/page"}],"author":[{"embeddable":true,"href":"https:\/\/equipementsprogoedert.dev.apps.lu\/de\/wp-json\/wp\/v2\/users\/1"}],"replies":[{"embeddable":true,"href":"https:\/\/equipementsprogoedert.dev.apps.lu\/de\/wp-json\/wp\/v2\/comments?post=572"}],"version-history":[{"count":0,"href":"https:\/\/equipementsprogoedert.dev.apps.lu\/de\/wp-json\/wp\/v2\/pages\/572\/revisions"}],"wp:attachment":[{"href":"https:\/\/equipementsprogoedert.dev.apps.lu\/de\/wp-json\/wp\/v2\/media?parent=572"}],"curies":[{"name":"wp","href":"https:\/\/api.w.org\/{rel}","templated":true}]}}