{"id":569,"date":"2025-09-18T08:53:19","date_gmt":"2025-09-18T08:53:19","guid":{"rendered":"https:\/\/equipementsprogoedert.dev.apps.lu\/impressum\/"},"modified":"2025-09-22T09:05:33","modified_gmt":"2025-09-22T09:05:33","slug":"impressum","status":"publish","type":"page","link":"https:\/\/equipementsprogoedert.dev.apps.lu\/de\/impressum\/","title":{"rendered":"Impressum"},"content":{"rendered":"<div class=\"et_pb_section_0 et_pb_section et_section_regular et_flex_section\">\n<div class=\"et_pb_row_0 et_pb_row et_flex_row\">\n<div class=\"et_pb_column_0 et_pb_column et-last-child et_flex_column et_pb_css_mix_blend_mode_passthrough et_flex_column_24_24 et_flex_column_24_24_tablet et_flex_column_24_24_phone et_flex_column_24_24_tabletWide\">\n<div class=\"et_pb_text_0 et_pb_text et_pb_bg_layout_light et_pb_module et_flex_module\"><div class=\"et_pb_text_inner\"><h1 data-start=\"2636\" data-end=\"2656\"><strong data-start=\"2636\" data-end=\"2656\">Impressum<\/strong><\/h1>\n<p data-start=\"2658\" data-end=\"2783\">Gem\u00e4\u00df den geltenden gesetzlichen Bestimmungen informieren wir Sie \u00fcber die folgenden Angaben zum Herausgeber dieser Website:<\/p>\n<h3 data-start=\"2785\" data-end=\"2804\">Herausgeber der Website<\/h3>\n<p data-start=\"2805\" data-end=\"3056\"><strong data-start=\"2805\" data-end=\"2840\">Equipements Pro Goedert S.\u00e0.r.l<\/strong><br data-start=\"2840\" data-end=\"2843\">30G, rue de Niederpallen<br data-start=\"2867\" data-end=\"2870\">Z.A. Soluplat<br data-start=\"2883\" data-end=\"2886\">L-8501 REDANGE\/ATTERT \u2013 Luxemburg<br data-start=\"2920\" data-end=\"2923\">Tel. +352 20 28 32 66<br data-start=\"2945\" data-end=\"2948\">Mobil: +352 691 42 43 44<br data-start=\"2971\" data-end=\"2974\">E-Mail: <a data-start=\"2982\" data-end=\"3012\" class=\"decorated-link cursor-pointer\" rel=\"noopener\">info@equipementsprogoedert.com<span aria-hidden=\"true\" class=\"ms-0.5 inline-block align-middle leading-none\"><svg width=\"20\" height=\"20\" viewbox=\"0 0 20 20\" fill=\"currentColor\" xmlns=\"http:\/\/www.w3.org\/2000\/svg\" data-rtl-flip=\"\" class=\"block h-[0.75em] w-[0.75em] stroke-current stroke-[0.75]\"><path d=\"M14.3349 13.3301V6.60645L5.47065 15.4707C5.21095 15.7304 4.78895 15.7304 4.52925 15.4707C4.26955 15.211 4.26955 14.789 4.52925 14.5293L13.3935 5.66504H6.66011C6.29284 5.66504 5.99507 5.36727 5.99507 5C5.99507 4.63273 6.29284 4.33496 6.66011 4.33496H14.9999L15.1337 4.34863C15.4369 4.41057 15.665 4.67857 15.665 5V13.3301C15.6649 13.6973 15.3672 13.9951 14.9999 13.9951C14.6327 13.9951 14.335 13.6973 14.3349 13.3301Z\"><\/path><\/svg><\/span><\/a><br data-start=\"3012\" data-end=\"3015\">USt-IdNr.: <span>LU33004331<\/span> <span><\/span><\/p>\n<h3 data-start=\"3133\" data-end=\"3162\">Konzeption und Realisierung<\/h3>\n<p data-start=\"3163\" data-end=\"3277\"><strong data-start=\"3163\" data-end=\"3182\">Kirepo S.\u00e0 r.l.<\/strong><br data-start=\"3182\" data-end=\"3185\">1 Rue de Wormeldange-Haut<br data-start=\"3210\" data-end=\"3213\">5488 Ehnen \u2013 Wormeldange<br data-start=\"3237\" data-end=\"3240\">Luxemburg<br data-start=\"3250\" data-end=\"3253\">Tel.: +352 20 21 00 55<\/p>\n<h3 data-start=\"3279\" data-end=\"3294\">Hosting<\/h3>\n<p data-start=\"3295\" data-end=\"3407\"><strong data-start=\"3295\" data-end=\"3318\">Hetzner Online GmbH<\/strong><br data-start=\"3318\" data-end=\"3321\">Industriestr. 25, 91710 Gunzenhausen, Deutschland<br data-start=\"3368\" data-end=\"3371\">Website: <a data-start=\"3382\" data-end=\"3405\" rel=\"noopener\" target=\"_new\" class=\"decorated-link cursor-pointer\">https:\/\/www.hetzner.com<span aria-hidden=\"true\" class=\"ms-0.5 inline-block align-middle leading-none\"><svg width=\"20\" height=\"20\" viewbox=\"0 0 20 20\" fill=\"currentColor\" xmlns=\"http:\/\/www.w3.org\/2000\/svg\" data-rtl-flip=\"\" class=\"block h-[0.75em] w-[0.75em] stroke-current stroke-[0.75]\"><path d=\"M14.3349 13.3301V6.60645L5.47065 15.4707C5.21095 15.7304 4.78895 15.7304 4.52925 15.4707C4.26955 15.211 4.26955 14.789 4.52925 14.5293L13.3935 5.66504H6.66011C6.29284 5.66504 5.99507 5.36727 5.99507 5C5.99507 4.63273 6.29284 4.33496 6.66011 4.33496H14.9999L15.1337 4.34863C15.4369 4.41057 15.665 4.67857 15.665 5V13.3301C15.6649 13.6973 15.3672 13.9951 14.9999 13.9951C14.6327 13.9951 14.335 13.6973 14.3349 13.3301Z\"><\/path><\/svg><\/span><\/a> <\/p>\n<h3 data-start=\"3409\" data-end=\"3437\">Geistiges Eigentum<\/h3>\n<p data-start=\"3438\" data-end=\"3707\">Alle Inhalte (Texte, Bilder, Logos usw.) auf dieser Website sind das ausschlie\u00dfliche Eigentum von <strong data-start=\"3543\" data-end=\"3578\">Equipements Pro Goedert S.\u00e0.r.l<\/strong> oder ihrer Partner. Jede Vervielf\u00e4ltigung oder Nutzung, auch auszugsweise, ist ohne vorherige Genehmigung strengstens untersagt. <\/p>\n<h3 data-start=\"3709\" data-end=\"3727\">Haftung<\/h3>\n<p data-start=\"3728\" data-end=\"4013\">Diese Website dient der Bereitstellung allgemeiner Informationen \u00fcber die Dienstleistungen und Produkte des Unternehmens <strong data-start=\"3833\" data-end=\"3868\">Equipements Pro Goedert S.\u00e0.r.l<\/strong>.<br data-start=\"3869\" data-end=\"3872\">Trotz gr\u00f6\u00dfter Sorgfalt bei der Aktualisierung der Inhalte kann der Herausgeber nicht f\u00fcr eventuelle Fehler oder Auslassungen haftbar gemacht werden.<\/p>\n<\/div><\/div>\n<\/div>\n<\/div>\n<\/div>","protected":false},"excerpt":{"rendered":"","protected":false},"author":1,"featured_media":0,"parent":0,"menu_order":0,"comment_status":"closed","ping_status":"closed","template":"","meta":{"footnotes":""},"class_list":["post-569","page","type-page","status-publish","hentry"],"yoast_head":"<!-- This site is optimized with the Yoast SEO plugin v27.4 - https:\/\/yoast.com\/product\/yoast-seo-wordpress\/ -->\n<title>Impressum - Equipements Pro Goedert<\/title>\n<meta name=\"robots\" content=\"noindex, follow, max-snippet:-1, max-image-preview:large, max-video-preview:-1\" \/>\n<meta property=\"og:locale\" content=\"de_DE\" \/>\n<meta property=\"og:type\" content=\"article\" \/>\n<meta property=\"og:title\" content=\"Impressum - Equipements Pro Goedert\" \/>\n<meta property=\"og:url\" content=\"https:\/\/equipementsprogoedert.dev.apps.lu\/de\/impressum\/\" \/>\n<meta property=\"og:site_name\" content=\"Equipements Pro Goedert\" \/>\n<meta property=\"article:modified_time\" content=\"2025-09-22T09:05:33+00:00\" \/>\n<meta name=\"twitter:card\" content=\"summary_large_image\" \/>\n<script type=\"application\/ld+json\" class=\"yoast-schema-graph\">{\"@context\":\"https:\\\/\\\/schema.org\",\"@graph\":[{\"@type\":\"WebPage\",\"@id\":\"https:\\\/\\\/equipementsprogoedert.dev.apps.lu\\\/de\\\/impressum\\\/\",\"url\":\"https:\\\/\\\/equipementsprogoedert.dev.apps.lu\\\/de\\\/impressum\\\/\",\"name\":\"Impressum - Equipements Pro Goedert\",\"isPartOf\":{\"@id\":\"https:\\\/\\\/equipementsprogoedert.dev.apps.lu\\\/de\\\/#website\"},\"datePublished\":\"2025-09-18T08:53:19+00:00\",\"dateModified\":\"2025-09-22T09:05:33+00:00\",\"breadcrumb\":{\"@id\":\"https:\\\/\\\/equipementsprogoedert.dev.apps.lu\\\/de\\\/impressum\\\/#breadcrumb\"},\"inLanguage\":\"de\",\"potentialAction\":[{\"@type\":\"ReadAction\",\"target\":[\"https:\\\/\\\/equipementsprogoedert.dev.apps.lu\\\/de\\\/impressum\\\/\"]}]},{\"@type\":\"BreadcrumbList\",\"@id\":\"https:\\\/\\\/equipementsprogoedert.dev.apps.lu\\\/de\\\/impressum\\\/#breadcrumb\",\"itemListElement\":[{\"@type\":\"ListItem\",\"position\":1,\"name\":\"Startseite\",\"item\":\"https:\\\/\\\/equipementsprogoedert.dev.apps.lu\\\/de\\\/\"},{\"@type\":\"ListItem\",\"position\":2,\"name\":\"Impressum\"}]},{\"@type\":\"WebSite\",\"@id\":\"https:\\\/\\\/equipementsprogoedert.dev.apps.lu\\\/de\\\/#website\",\"url\":\"https:\\\/\\\/equipementsprogoedert.dev.apps.lu\\\/de\\\/\",\"name\":\"Equipements Pro Goedert\",\"description\":\"\",\"publisher\":{\"@id\":\"https:\\\/\\\/equipementsprogoedert.dev.apps.lu\\\/de\\\/#organization\"},\"potentialAction\":[{\"@type\":\"SearchAction\",\"target\":{\"@type\":\"EntryPoint\",\"urlTemplate\":\"https:\\\/\\\/equipementsprogoedert.dev.apps.lu\\\/de\\\/?s={search_term_string}\"},\"query-input\":{\"@type\":\"PropertyValueSpecification\",\"valueRequired\":true,\"valueName\":\"search_term_string\"}}],\"inLanguage\":\"de\"},{\"@type\":\"Organization\",\"@id\":\"https:\\\/\\\/equipementsprogoedert.dev.apps.lu\\\/de\\\/#organization\",\"name\":\"Equipements Pro Goedert\",\"url\":\"https:\\\/\\\/equipementsprogoedert.dev.apps.lu\\\/de\\\/\",\"logo\":{\"@type\":\"ImageObject\",\"inLanguage\":\"de\",\"@id\":\"https:\\\/\\\/equipementsprogoedert.dev.apps.lu\\\/de\\\/#\\\/schema\\\/logo\\\/image\\\/\",\"url\":\"https:\\\/\\\/equipementsprogoedert.dev.apps.lu\\\/wp-content\\\/uploads\\\/2025\\\/05\\\/image-6-scaled.png\",\"contentUrl\":\"https:\\\/\\\/equipementsprogoedert.dev.apps.lu\\\/wp-content\\\/uploads\\\/2025\\\/05\\\/image-6-scaled.png\",\"width\":2560,\"height\":698,\"caption\":\"Equipements Pro Goedert\"},\"image\":{\"@id\":\"https:\\\/\\\/equipementsprogoedert.dev.apps.lu\\\/de\\\/#\\\/schema\\\/logo\\\/image\\\/\"}}]}<\/script>\n<!-- \/ Yoast SEO plugin. -->","yoast_head_json":{"title":"Impressum - Equipements Pro Goedert","robots":{"index":"noindex","follow":"follow","max-snippet":"max-snippet:-1","max-image-preview":"max-image-preview:large","max-video-preview":"max-video-preview:-1"},"og_locale":"de_DE","og_type":"article","og_title":"Impressum - Equipements Pro Goedert","og_url":"https:\/\/equipementsprogoedert.dev.apps.lu\/de\/impressum\/","og_site_name":"Equipements Pro Goedert","article_modified_time":"2025-09-22T09:05:33+00:00","twitter_card":"summary_large_image","schema":{"@context":"https:\/\/schema.org","@graph":[{"@type":"WebPage","@id":"https:\/\/equipementsprogoedert.dev.apps.lu\/de\/impressum\/","url":"https:\/\/equipementsprogoedert.dev.apps.lu\/de\/impressum\/","name":"Impressum - Equipements Pro Goedert","isPartOf":{"@id":"https:\/\/equipementsprogoedert.dev.apps.lu\/de\/#website"},"datePublished":"2025-09-18T08:53:19+00:00","dateModified":"2025-09-22T09:05:33+00:00","breadcrumb":{"@id":"https:\/\/equipementsprogoedert.dev.apps.lu\/de\/impressum\/#breadcrumb"},"inLanguage":"de","potentialAction":[{"@type":"ReadAction","target":["https:\/\/equipementsprogoedert.dev.apps.lu\/de\/impressum\/"]}]},{"@type":"BreadcrumbList","@id":"https:\/\/equipementsprogoedert.dev.apps.lu\/de\/impressum\/#breadcrumb","itemListElement":[{"@type":"ListItem","position":1,"name":"Startseite","item":"https:\/\/equipementsprogoedert.dev.apps.lu\/de\/"},{"@type":"ListItem","position":2,"name":"Impressum"}]},{"@type":"WebSite","@id":"https:\/\/equipementsprogoedert.dev.apps.lu\/de\/#website","url":"https:\/\/equipementsprogoedert.dev.apps.lu\/de\/","name":"Equipements Pro Goedert","description":"","publisher":{"@id":"https:\/\/equipementsprogoedert.dev.apps.lu\/de\/#organization"},"potentialAction":[{"@type":"SearchAction","target":{"@type":"EntryPoint","urlTemplate":"https:\/\/equipementsprogoedert.dev.apps.lu\/de\/?s={search_term_string}"},"query-input":{"@type":"PropertyValueSpecification","valueRequired":true,"valueName":"search_term_string"}}],"inLanguage":"de"},{"@type":"Organization","@id":"https:\/\/equipementsprogoedert.dev.apps.lu\/de\/#organization","name":"Equipements Pro Goedert","url":"https:\/\/equipementsprogoedert.dev.apps.lu\/de\/","logo":{"@type":"ImageObject","inLanguage":"de","@id":"https:\/\/equipementsprogoedert.dev.apps.lu\/de\/#\/schema\/logo\/image\/","url":"https:\/\/equipementsprogoedert.dev.apps.lu\/wp-content\/uploads\/2025\/05\/image-6-scaled.png","contentUrl":"https:\/\/equipementsprogoedert.dev.apps.lu\/wp-content\/uploads\/2025\/05\/image-6-scaled.png","width":2560,"height":698,"caption":"Equipements Pro Goedert"},"image":{"@id":"https:\/\/equipementsprogoedert.dev.apps.lu\/de\/#\/schema\/logo\/image\/"}}]}},"_links":{"self":[{"href":"https:\/\/equipementsprogoedert.dev.apps.lu\/de\/wp-json\/wp\/v2\/pages\/569","targetHints":{"allow":["GET"]}}],"collection":[{"href":"https:\/\/equipementsprogoedert.dev.apps.lu\/de\/wp-json\/wp\/v2\/pages"}],"about":[{"href":"https:\/\/equipementsprogoedert.dev.apps.lu\/de\/wp-json\/wp\/v2\/types\/page"}],"author":[{"embeddable":true,"href":"https:\/\/equipementsprogoedert.dev.apps.lu\/de\/wp-json\/wp\/v2\/users\/1"}],"replies":[{"embeddable":true,"href":"https:\/\/equipementsprogoedert.dev.apps.lu\/de\/wp-json\/wp\/v2\/comments?post=569"}],"version-history":[{"count":0,"href":"https:\/\/equipementsprogoedert.dev.apps.lu\/de\/wp-json\/wp\/v2\/pages\/569\/revisions"}],"wp:attachment":[{"href":"https:\/\/equipementsprogoedert.dev.apps.lu\/de\/wp-json\/wp\/v2\/media?parent=569"}],"curies":[{"name":"wp","href":"https:\/\/api.w.org\/{rel}","templated":true}]}}