{"id":485,"date":"2025-07-21T09:26:32","date_gmt":"2025-07-21T09:26:32","guid":{"rendered":"https:\/\/equipementsprogoedert.dev.apps.lu\/partner\/"},"modified":"2025-09-18T09:20:44","modified_gmt":"2025-09-18T09:20:44","slug":"partner","status":"publish","type":"page","link":"https:\/\/equipementsprogoedert.dev.apps.lu\/de\/partner\/","title":{"rendered":"Partner"},"content":{"rendered":"<div class=\"et_pb_section_0 et_pb_section et_section_regular et_block_section\">\n<div class=\"et_pb_row_0 et_pb_row et_block_row\">\n<div class=\"et_pb_column_0 et_pb_column et_pb_column_4_4 et-last-child et_block_column et_pb_css_mix_blend_mode_passthrough\">\n<div class=\"et_pb_heading_0 et_pb_heading et_pb_module et_flex_module\"><div class=\"et_pb_heading_container\"><h1 class=\"et_pb_module_header\">Partner<\/h1><\/div><\/div>\n\n<div class=\"et_pb_text_0 et_pb_text et_pb_bg_layout_light et_pb_module et_flex_module\"><div class=\"et_pb_text_inner\"><p><span>Als spezialisierter H\u00e4ndler w\u00e4hlen wir unsere Partner sorgf\u00e4ltig aus, um Ihnen langlebige Produkte anzubieten, die den Sicherheitsstandards entsprechen und eine optimale Leistung gew\u00e4hrleisten.<\/span><\/p>\n<\/div><\/div>\n<\/div>\n<\/div>\n<\/div>\n\n<div class=\"et_pb_section_1 et_pb_section et_section_regular et_flex_section\">\n<div class=\"et_pb_row_1 et_pb_row et_flex_row\">\n<div class=\"et_pb_column_1 et_pb_column et-last-child et_flex_column et_pb_css_mix_blend_mode_passthrough et_flex_column_24_24 et_flex_column_24_24_tablet et_flex_column_24_24_phone et_flex_column_24_24_tabletWide\">\n<div class=\"et_pb_image_0 et_pb_image et_pb_image_sticky et_pb_module et_flex_module preset--module--divi-image--0bb5ngjtyn\"><span class=\"et_pb_image_wrap\"><img loading=\"lazy\" decoding=\"async\" src=\"https:\/\/equipementsprogoedert.dev.apps.lu\/wp-content\/uploads\/layher_logo.jpeg\" title=\"Logo-HUCK\" width=\"800\" height=\"600\" srcset=\"https:\/\/equipementsprogoedert.dev.apps.lu\/wp-content\/uploads\/layher_logo.jpeg 800w, https:\/\/equipementsprogoedert.dev.apps.lu\/wp-content\/uploads\/layher_logo-480x360.jpeg 480w\" sizes=\"(min-width: 0px) and (max-width: 480px) 480px, (min-width: 481px) 800px, 100vw\" class=\"wp-image-405\" \/><\/span><\/div>\n\n<div class=\"et_pb_image_1 et_pb_image et_pb_image_sticky et_pb_module et_flex_module preset--module--divi-image--0bb5ngjtyn\"><span class=\"et_pb_image_wrap\"><img loading=\"lazy\" decoding=\"async\" src=\"https:\/\/equipementsprogoedert.dev.apps.lu\/wp-content\/uploads\/GEDA-logo.jpeg\" title=\"Logo-HUCK\" width=\"1280\" height=\"640\" srcset=\"https:\/\/equipementsprogoedert.dev.apps.lu\/wp-content\/uploads\/GEDA-logo.jpeg 1280w, https:\/\/equipementsprogoedert.dev.apps.lu\/wp-content\/uploads\/GEDA-logo-980x490.jpeg 980w, https:\/\/equipementsprogoedert.dev.apps.lu\/wp-content\/uploads\/GEDA-logo-480x240.jpeg 480w\" sizes=\"(min-width: 0px) and (max-width: 480px) 480px, (min-width: 481px) and (max-width: 980px) 980px, (min-width: 981px) 1280px, 100vw\" class=\"wp-image-401\" \/><\/span><\/div>\n\n<div class=\"et_pb_image_2 et_pb_image et_pb_image_sticky et_pb_module et_flex_module preset--module--divi-image--0bb5ngjtyn\"><span class=\"et_pb_image_wrap\"><img loading=\"lazy\" decoding=\"async\" src=\"https:\/\/equipementsprogoedert.dev.apps.lu\/wp-content\/uploads\/Containex-logo.jpeg\" title=\"Logo-HUCK\" width=\"1999\" height=\"402\" srcset=\"https:\/\/equipementsprogoedert.dev.apps.lu\/wp-content\/uploads\/Containex-logo.jpeg 1999w, https:\/\/equipementsprogoedert.dev.apps.lu\/wp-content\/uploads\/Containex-logo-1280x257.jpeg 1280w, https:\/\/equipementsprogoedert.dev.apps.lu\/wp-content\/uploads\/Containex-logo-980x197.jpeg 980w, https:\/\/equipementsprogoedert.dev.apps.lu\/wp-content\/uploads\/Containex-logo-480x97.jpeg 480w\" sizes=\"(min-width: 0px) and (max-width: 480px) 480px, (min-width: 481px) and (max-width: 980px) 980px, (min-width: 981px) and (max-width: 1280px) 1280px, (min-width: 1281px) 1999px, 100vw\" class=\"wp-image-400\" \/><\/span><\/div>\n\n<div class=\"et_pb_image_3 et_pb_image et_pb_image_sticky et_pb_module et_flex_module preset--module--divi-image--0bb5ngjtyn\"><span class=\"et_pb_image_wrap\"><img loading=\"lazy\" decoding=\"async\" src=\"https:\/\/equipementsprogoedert.dev.apps.lu\/wp-content\/uploads\/1._Herock_Logo_on_white.jpeg\" title=\"Logo-HUCK\" width=\"2416\" height=\"431\" srcset=\"https:\/\/equipementsprogoedert.dev.apps.lu\/wp-content\/uploads\/1._Herock_Logo_on_white.jpeg 2416w, https:\/\/equipementsprogoedert.dev.apps.lu\/wp-content\/uploads\/1._Herock_Logo_on_white-1280x228.jpeg 1280w, https:\/\/equipementsprogoedert.dev.apps.lu\/wp-content\/uploads\/1._Herock_Logo_on_white-980x175.jpeg 980w, https:\/\/equipementsprogoedert.dev.apps.lu\/wp-content\/uploads\/1._Herock_Logo_on_white-480x86.jpeg 480w\" sizes=\"(min-width: 0px) and (max-width: 480px) 480px, (min-width: 481px) and (max-width: 980px) 980px, (min-width: 981px) and (max-width: 1280px) 1280px, (min-width: 1281px) 2416px, 100vw\" class=\"wp-image-397\" \/><\/span><\/div>\n\n<div class=\"et_pb_image_4 et_pb_image et_pb_image_sticky et_pb_module et_flex_module preset--module--divi-image--0bb5ngjtyn\"><span class=\"et_pb_image_wrap\"><img loading=\"lazy\" decoding=\"async\" src=\"https:\/\/equipementsprogoedert.dev.apps.lu\/wp-content\/uploads\/logo-worklink.jpeg\" title=\"Logo-HUCK\" width=\"578\" height=\"460\" srcset=\"https:\/\/equipementsprogoedert.dev.apps.lu\/wp-content\/uploads\/logo-worklink.jpeg 578w, https:\/\/equipementsprogoedert.dev.apps.lu\/wp-content\/uploads\/logo-worklink-480x382.jpeg 480w\" sizes=\"(min-width: 0px) and (max-width: 480px) 480px, (min-width: 481px) 578px, 100vw\" class=\"wp-image-408\" \/><\/span><\/div>\n\n<div class=\"et_pb_image_5 et_pb_image et_pb_image_sticky et_pb_module et_flex_module preset--module--divi-image--0bb5ngjtyn\"><span class=\"et_pb_image_wrap\"><img loading=\"lazy\" decoding=\"async\" src=\"https:\/\/equipementsprogoedert.dev.apps.lu\/wp-content\/uploads\/Kask-logo.jpeg\" title=\"Logo-HUCK\" width=\"1188\" height=\"300\" srcset=\"https:\/\/equipementsprogoedert.dev.apps.lu\/wp-content\/uploads\/Kask-logo.jpeg 1188w, https:\/\/equipementsprogoedert.dev.apps.lu\/wp-content\/uploads\/Kask-logo-980x247.jpeg 980w, https:\/\/equipementsprogoedert.dev.apps.lu\/wp-content\/uploads\/Kask-logo-480x121.jpeg 480w\" sizes=\"(min-width: 0px) and (max-width: 480px) 480px, (min-width: 481px) and (max-width: 980px) 980px, (min-width: 981px) 1188px, 100vw\" class=\"wp-image-404\" \/><\/span><\/div>\n\n<div class=\"et_pb_image_6 et_pb_image et_pb_image_sticky et_pb_module et_flex_module preset--module--divi-image--0bb5ngjtyn\"><span class=\"et_pb_image_wrap\"><img loading=\"lazy\" decoding=\"async\" src=\"https:\/\/equipementsprogoedert.dev.apps.lu\/wp-content\/uploads\/Logo_kratos-safety-1.jpeg\" title=\"Logo-HUCK\" width=\"250\" height=\"167\" srcset=\"https:\/\/equipementsprogoedert.dev.apps.lu\/wp-content\/uploads\/Logo_kratos-safety-1.jpeg 250w\" sizes=\"(max-width: 250px) 100vw, 250px\" class=\"wp-image-406\" \/><\/span><\/div>\n\n<div class=\"et_pb_image_7 et_pb_image et_pb_image_sticky et_pb_module et_flex_module preset--module--divi-image--0bb5ngjtyn\"><span class=\"et_pb_image_wrap\"><img loading=\"lazy\" decoding=\"async\" src=\"https:\/\/equipementsprogoedert.dev.apps.lu\/wp-content\/uploads\/mjgeruest_Logo_NEU_1024px.jpeg\" title=\"Logo-HUCK\" width=\"1024\" height=\"1024\" srcset=\"https:\/\/equipementsprogoedert.dev.apps.lu\/wp-content\/uploads\/mjgeruest_Logo_NEU_1024px.jpeg 1024w, https:\/\/equipementsprogoedert.dev.apps.lu\/wp-content\/uploads\/mjgeruest_Logo_NEU_1024px-980x980.jpeg 980w, https:\/\/equipementsprogoedert.dev.apps.lu\/wp-content\/uploads\/mjgeruest_Logo_NEU_1024px-480x480.jpeg 480w\" sizes=\"(min-width: 0px) and (max-width: 480px) 480px, (min-width: 481px) and (max-width: 980px) 980px, (min-width: 981px) 1024px, 100vw\" class=\"wp-image-409\" \/><\/span><\/div>\n\n<div class=\"et_pb_image_8 et_pb_image et_pb_image_sticky et_pb_module et_flex_module preset--module--divi-image--0bb5ngjtyn\"><span class=\"et_pb_image_wrap\"><img loading=\"lazy\" decoding=\"async\" src=\"https:\/\/equipementsprogoedert.dev.apps.lu\/wp-content\/uploads\/HYMER.jpeg\" title=\"Logo-HUCK\" width=\"200\" height=\"200\" srcset=\"https:\/\/equipementsprogoedert.dev.apps.lu\/wp-content\/uploads\/HYMER.jpeg 200w, https:\/\/equipementsprogoedert.dev.apps.lu\/wp-content\/uploads\/HYMER-150x150.jpeg 150w\" sizes=\"(max-width: 200px) 100vw, 200px\" class=\"wp-image-402\" \/><\/span><\/div>\n\n<div class=\"et_pb_image_9 et_pb_image et_pb_image_sticky et_pb_module et_flex_module preset--module--divi-image--0bb5ngjtyn\"><span class=\"et_pb_image_wrap\"><img loading=\"lazy\" decoding=\"async\" src=\"https:\/\/equipementsprogoedert.dev.apps.lu\/wp-content\/uploads\/Logo-HUCK.jpeg\" width=\"500\" height=\"500\" srcset=\"https:\/\/equipementsprogoedert.dev.apps.lu\/wp-content\/uploads\/Logo-HUCK.jpeg 500w, https:\/\/equipementsprogoedert.dev.apps.lu\/wp-content\/uploads\/Logo-HUCK-480x480.jpeg 480w\" sizes=\"(min-width: 0px) and (max-width: 480px) 480px, (min-width: 481px) 500px, 100vw\" class=\"wp-image-407\" title=\"Logo-HUCK\" \/><\/span><\/div>\n\n<div class=\"et_pb_image_10 et_pb_image et_pb_image_sticky et_pb_module et_flex_module preset--module--divi-image--0bb5ngjtyn\"><span class=\"et_pb_image_wrap\"><img loading=\"lazy\" decoding=\"async\" src=\"https:\/\/equipementsprogoedert.dev.apps.lu\/wp-content\/uploads\/JAver.jpeg\" title=\"Logo-HUCK\" width=\"408\" height=\"97\" srcset=\"https:\/\/equipementsprogoedert.dev.apps.lu\/wp-content\/uploads\/JAver.jpeg 408w, https:\/\/equipementsprogoedert.dev.apps.lu\/wp-content\/uploads\/JAver-300x71.jpeg 300w\" sizes=\"(max-width: 408px) 100vw, 408px\" class=\"wp-image-403\" \/><\/span><\/div>\n\n<div class=\"et_pb_image_11 et_pb_image et_pb_image_sticky et_pb_module et_flex_module preset--module--divi-image--0bb5ngjtyn\"><span class=\"et_pb_image_wrap\"><img loading=\"lazy\" decoding=\"async\" src=\"https:\/\/equipementsprogoedert.dev.apps.lu\/wp-content\/uploads\/blok_n_mesh_logo.jpeg\" title=\"Logo-HUCK\" width=\"200\" height=\"200\" srcset=\"https:\/\/equipementsprogoedert.dev.apps.lu\/wp-content\/uploads\/blok_n_mesh_logo.jpeg 200w, https:\/\/equipementsprogoedert.dev.apps.lu\/wp-content\/uploads\/blok_n_mesh_logo-150x150.jpeg 150w\" sizes=\"(max-width: 200px) 100vw, 200px\" class=\"wp-image-399\" \/><\/span><\/div>\n\n<div class=\"et_pb_image_12 et_pb_image et_pb_image_sticky et_pb_module et_flex_module preset--module--divi-image--0bb5ngjtyn\"><span class=\"et_pb_image_wrap\"><img loading=\"lazy\" decoding=\"async\" src=\"https:\/\/equipementsprogoedert.dev.apps.lu\/wp-content\/uploads\/Deltaplus.jpeg\" title=\"Logo-HUCK\" width=\"344\" height=\"146\" srcset=\"https:\/\/equipementsprogoedert.dev.apps.lu\/wp-content\/uploads\/Deltaplus.jpeg 344w, https:\/\/equipementsprogoedert.dev.apps.lu\/wp-content\/uploads\/Deltaplus-300x127.jpeg 300w\" sizes=\"(max-width: 344px) 100vw, 344px\" class=\"wp-image-455\" \/><\/span><\/div>\n\n<div class=\"et_pb_image_13 et_pb_image et_pb_image_sticky et_pb_module et_flex_module preset--module--divi-image--0bb5ngjtyn\"><span class=\"et_pb_image_wrap\"><img loading=\"lazy\" decoding=\"async\" src=\"https:\/\/equipementsprogoedert.dev.apps.lu\/wp-content\/uploads\/SCHAKE.jpeg\" title=\"Logo-HUCK\" width=\"900\" height=\"600\" srcset=\"https:\/\/equipementsprogoedert.dev.apps.lu\/wp-content\/uploads\/SCHAKE.jpeg 900w, https:\/\/equipementsprogoedert.dev.apps.lu\/wp-content\/uploads\/SCHAKE-480x320.jpeg 480w\" sizes=\"(min-width: 0px) and (max-width: 480px) 480px, (min-width: 481px) 900px, 100vw\" class=\"wp-image-458\" \/><\/span><\/div>\n\n<div class=\"et_pb_image_14 et_pb_image et_pb_image_sticky et_pb_module et_flex_module preset--module--divi-image--0bb5ngjtyn\"><span class=\"et_pb_image_wrap\"><img loading=\"lazy\" decoding=\"async\" src=\"https:\/\/equipementsprogoedert.dev.apps.lu\/wp-content\/uploads\/Leon-de-Oro.jpeg\" title=\"Logo-HUCK\" width=\"703\" height=\"731\" srcset=\"https:\/\/equipementsprogoedert.dev.apps.lu\/wp-content\/uploads\/Leon-de-Oro.jpeg 703w, https:\/\/equipementsprogoedert.dev.apps.lu\/wp-content\/uploads\/Leon-de-Oro-480x499.jpeg 480w\" sizes=\"(min-width: 0px) and (max-width: 480px) 480px, (min-width: 481px) 703px, 100vw\" class=\"wp-image-457\" \/><\/span><\/div>\n\n<div class=\"et_pb_image_15 et_pb_image et_pb_image_sticky et_pb_module et_flex_module preset--module--divi-image--0bb5ngjtyn\"><span class=\"et_pb_image_wrap\"><img loading=\"lazy\" decoding=\"async\" src=\"https:\/\/equipementsprogoedert.dev.apps.lu\/wp-content\/uploads\/FIRST-BASE-2.jpeg\" title=\"Logo-HUCK\" width=\"400\" height=\"247\" srcset=\"https:\/\/equipementsprogoedert.dev.apps.lu\/wp-content\/uploads\/FIRST-BASE-2.jpeg 400w, https:\/\/equipementsprogoedert.dev.apps.lu\/wp-content\/uploads\/FIRST-BASE-2-300x185.jpeg 300w\" sizes=\"(max-width: 400px) 100vw, 400px\" class=\"wp-image-456\" \/><\/span><\/div>\n\n<div class=\"et_pb_image_16 et_pb_image et_pb_image_sticky et_pb_module et_flex_module preset--module--divi-image--0bb5ngjtyn\"><span class=\"et_pb_image_wrap\"><img loading=\"lazy\" decoding=\"async\" src=\"https:\/\/equipementsprogoedert.dev.apps.lu\/wp-content\/uploads\/alphatex-logo.jpeg\" title=\"Logo-HUCK\" width=\"800\" height=\"600\" srcset=\"https:\/\/equipementsprogoedert.dev.apps.lu\/wp-content\/uploads\/alphatex-logo.jpeg 800w, https:\/\/equipementsprogoedert.dev.apps.lu\/wp-content\/uploads\/alphatex-logo-480x360.jpeg 480w\" sizes=\"(min-width: 0px) and (max-width: 480px) 480px, (min-width: 481px) 800px, 100vw\" class=\"wp-image-398\" \/><\/span><\/div>\n<\/div>\n<\/div>\n<\/div>","protected":false},"excerpt":{"rendered":"","protected":false},"author":1,"featured_media":0,"parent":0,"menu_order":0,"comment_status":"closed","ping_status":"closed","template":"","meta":{"footnotes":""},"class_list":["post-485","page","type-page","status-publish","hentry"],"yoast_head":"<!-- This site is optimized with the Yoast SEO plugin v27.3 - https:\/\/yoast.com\/product\/yoast-seo-wordpress\/ -->\n<title>Partner - Equipements Pro Goedert<\/title>\n<meta name=\"robots\" content=\"noindex, follow, max-snippet:-1, max-image-preview:large, max-video-preview:-1\" \/>\n<meta property=\"og:locale\" content=\"de_DE\" \/>\n<meta property=\"og:type\" content=\"article\" \/>\n<meta property=\"og:title\" content=\"Partner - Equipements Pro Goedert\" \/>\n<meta property=\"og:url\" content=\"https:\/\/equipementsprogoedert.dev.apps.lu\/de\/partner\/\" \/>\n<meta property=\"og:site_name\" content=\"Equipements Pro Goedert\" \/>\n<meta property=\"article:modified_time\" content=\"2025-09-18T09:20:44+00:00\" \/>\n<meta name=\"twitter:card\" content=\"summary_large_image\" \/>\n<script type=\"application\/ld+json\" class=\"yoast-schema-graph\">{\"@context\":\"https:\\\/\\\/schema.org\",\"@graph\":[{\"@type\":\"WebPage\",\"@id\":\"https:\\\/\\\/equipementsprogoedert.dev.apps.lu\\\/de\\\/partner\\\/\",\"url\":\"https:\\\/\\\/equipementsprogoedert.dev.apps.lu\\\/de\\\/partner\\\/\",\"name\":\"Partner - Equipements Pro Goedert\",\"isPartOf\":{\"@id\":\"https:\\\/\\\/equipementsprogoedert.dev.apps.lu\\\/de\\\/#website\"},\"datePublished\":\"2025-07-21T09:26:32+00:00\",\"dateModified\":\"2025-09-18T09:20:44+00:00\",\"breadcrumb\":{\"@id\":\"https:\\\/\\\/equipementsprogoedert.dev.apps.lu\\\/de\\\/partner\\\/#breadcrumb\"},\"inLanguage\":\"de\",\"potentialAction\":[{\"@type\":\"ReadAction\",\"target\":[\"https:\\\/\\\/equipementsprogoedert.dev.apps.lu\\\/de\\\/partner\\\/\"]}]},{\"@type\":\"BreadcrumbList\",\"@id\":\"https:\\\/\\\/equipementsprogoedert.dev.apps.lu\\\/de\\\/partner\\\/#breadcrumb\",\"itemListElement\":[{\"@type\":\"ListItem\",\"position\":1,\"name\":\"Startseite\",\"item\":\"https:\\\/\\\/equipementsprogoedert.dev.apps.lu\\\/de\\\/\"},{\"@type\":\"ListItem\",\"position\":2,\"name\":\"Partner\"}]},{\"@type\":\"WebSite\",\"@id\":\"https:\\\/\\\/equipementsprogoedert.dev.apps.lu\\\/de\\\/#website\",\"url\":\"https:\\\/\\\/equipementsprogoedert.dev.apps.lu\\\/de\\\/\",\"name\":\"Equipements Pro Goedert\",\"description\":\"\",\"publisher\":{\"@id\":\"https:\\\/\\\/equipementsprogoedert.dev.apps.lu\\\/de\\\/#organization\"},\"potentialAction\":[{\"@type\":\"SearchAction\",\"target\":{\"@type\":\"EntryPoint\",\"urlTemplate\":\"https:\\\/\\\/equipementsprogoedert.dev.apps.lu\\\/de\\\/?s={search_term_string}\"},\"query-input\":{\"@type\":\"PropertyValueSpecification\",\"valueRequired\":true,\"valueName\":\"search_term_string\"}}],\"inLanguage\":\"de\"},{\"@type\":\"Organization\",\"@id\":\"https:\\\/\\\/equipementsprogoedert.dev.apps.lu\\\/de\\\/#organization\",\"name\":\"Equipements Pro Goedert\",\"url\":\"https:\\\/\\\/equipementsprogoedert.dev.apps.lu\\\/de\\\/\",\"logo\":{\"@type\":\"ImageObject\",\"inLanguage\":\"de\",\"@id\":\"https:\\\/\\\/equipementsprogoedert.dev.apps.lu\\\/de\\\/#\\\/schema\\\/logo\\\/image\\\/\",\"url\":\"https:\\\/\\\/equipementsprogoedert.dev.apps.lu\\\/wp-content\\\/uploads\\\/2025\\\/05\\\/image-6-scaled.png\",\"contentUrl\":\"https:\\\/\\\/equipementsprogoedert.dev.apps.lu\\\/wp-content\\\/uploads\\\/2025\\\/05\\\/image-6-scaled.png\",\"width\":2560,\"height\":698,\"caption\":\"Equipements Pro Goedert\"},\"image\":{\"@id\":\"https:\\\/\\\/equipementsprogoedert.dev.apps.lu\\\/de\\\/#\\\/schema\\\/logo\\\/image\\\/\"}}]}<\/script>\n<!-- \/ Yoast SEO plugin. -->","yoast_head_json":{"title":"Partner - Equipements Pro Goedert","robots":{"index":"noindex","follow":"follow","max-snippet":"max-snippet:-1","max-image-preview":"max-image-preview:large","max-video-preview":"max-video-preview:-1"},"og_locale":"de_DE","og_type":"article","og_title":"Partner - Equipements Pro Goedert","og_url":"https:\/\/equipementsprogoedert.dev.apps.lu\/de\/partner\/","og_site_name":"Equipements Pro Goedert","article_modified_time":"2025-09-18T09:20:44+00:00","twitter_card":"summary_large_image","schema":{"@context":"https:\/\/schema.org","@graph":[{"@type":"WebPage","@id":"https:\/\/equipementsprogoedert.dev.apps.lu\/de\/partner\/","url":"https:\/\/equipementsprogoedert.dev.apps.lu\/de\/partner\/","name":"Partner - Equipements Pro Goedert","isPartOf":{"@id":"https:\/\/equipementsprogoedert.dev.apps.lu\/de\/#website"},"datePublished":"2025-07-21T09:26:32+00:00","dateModified":"2025-09-18T09:20:44+00:00","breadcrumb":{"@id":"https:\/\/equipementsprogoedert.dev.apps.lu\/de\/partner\/#breadcrumb"},"inLanguage":"de","potentialAction":[{"@type":"ReadAction","target":["https:\/\/equipementsprogoedert.dev.apps.lu\/de\/partner\/"]}]},{"@type":"BreadcrumbList","@id":"https:\/\/equipementsprogoedert.dev.apps.lu\/de\/partner\/#breadcrumb","itemListElement":[{"@type":"ListItem","position":1,"name":"Startseite","item":"https:\/\/equipementsprogoedert.dev.apps.lu\/de\/"},{"@type":"ListItem","position":2,"name":"Partner"}]},{"@type":"WebSite","@id":"https:\/\/equipementsprogoedert.dev.apps.lu\/de\/#website","url":"https:\/\/equipementsprogoedert.dev.apps.lu\/de\/","name":"Equipements Pro Goedert","description":"","publisher":{"@id":"https:\/\/equipementsprogoedert.dev.apps.lu\/de\/#organization"},"potentialAction":[{"@type":"SearchAction","target":{"@type":"EntryPoint","urlTemplate":"https:\/\/equipementsprogoedert.dev.apps.lu\/de\/?s={search_term_string}"},"query-input":{"@type":"PropertyValueSpecification","valueRequired":true,"valueName":"search_term_string"}}],"inLanguage":"de"},{"@type":"Organization","@id":"https:\/\/equipementsprogoedert.dev.apps.lu\/de\/#organization","name":"Equipements Pro Goedert","url":"https:\/\/equipementsprogoedert.dev.apps.lu\/de\/","logo":{"@type":"ImageObject","inLanguage":"de","@id":"https:\/\/equipementsprogoedert.dev.apps.lu\/de\/#\/schema\/logo\/image\/","url":"https:\/\/equipementsprogoedert.dev.apps.lu\/wp-content\/uploads\/2025\/05\/image-6-scaled.png","contentUrl":"https:\/\/equipementsprogoedert.dev.apps.lu\/wp-content\/uploads\/2025\/05\/image-6-scaled.png","width":2560,"height":698,"caption":"Equipements Pro Goedert"},"image":{"@id":"https:\/\/equipementsprogoedert.dev.apps.lu\/de\/#\/schema\/logo\/image\/"}}]}},"_links":{"self":[{"href":"https:\/\/equipementsprogoedert.dev.apps.lu\/de\/wp-json\/wp\/v2\/pages\/485","targetHints":{"allow":["GET"]}}],"collection":[{"href":"https:\/\/equipementsprogoedert.dev.apps.lu\/de\/wp-json\/wp\/v2\/pages"}],"about":[{"href":"https:\/\/equipementsprogoedert.dev.apps.lu\/de\/wp-json\/wp\/v2\/types\/page"}],"author":[{"embeddable":true,"href":"https:\/\/equipementsprogoedert.dev.apps.lu\/de\/wp-json\/wp\/v2\/users\/1"}],"replies":[{"embeddable":true,"href":"https:\/\/equipementsprogoedert.dev.apps.lu\/de\/wp-json\/wp\/v2\/comments?post=485"}],"version-history":[{"count":0,"href":"https:\/\/equipementsprogoedert.dev.apps.lu\/de\/wp-json\/wp\/v2\/pages\/485\/revisions"}],"wp:attachment":[{"href":"https:\/\/equipementsprogoedert.dev.apps.lu\/de\/wp-json\/wp\/v2\/media?parent=485"}],"curies":[{"name":"wp","href":"https:\/\/api.w.org\/{rel}","templated":true}]}}