{"id":481,"date":"2025-05-05T08:16:05","date_gmt":"2025-05-05T08:16:05","guid":{"rendered":"https:\/\/equipementsprogoedert.dev.apps.lu\/startseite\/"},"modified":"2025-09-22T14:20:35","modified_gmt":"2025-09-22T14:20:35","slug":"startseite","status":"publish","type":"page","link":"https:\/\/equipementsprogoedert.dev.apps.lu\/de\/","title":{"rendered":"Startseite"},"content":{"rendered":"<div class=\"et_pb_section_0 et_pb_section et_section_regular et_block_section\">\n<div class=\"et_pb_row_0 et_pb_row et_block_row row-first\">\n<div class=\"et_pb_column_0 et_pb_column et_pb_column_4_4 et-last-child et_block_column et_pb_css_mix_blend_mode_passthrough\">\n<div class=\"et_pb_heading_0 et_pb_heading et_pb_module et_flex_module\"><div class=\"et_pb_heading_container\"><h1 class=\"et_pb_module_header\">GEMEINSAM BAUEN WIR DIE ZUKUNFT<\/h1><\/div><\/div>\n\n<div class=\"et_pb_text_0 et_pb_text et_pb_bg_layout_light et_pb_module et_flex_module\"><div class=\"et_pb_text_inner\" data-et-mv-hidden-tabletwide=\"true\" data-et-mv-hidden-tablet=\"true\"><p><span>Bei Equipements Pro Goedert stehen wir f\u00fcr Qualit\u00e4t und Zuverl\u00e4ssigkeit. Unser erfahrenes Team begleitet und ber\u00e4t Sie, um Ihnen die am besten auf Ihre Bed\u00fcrfnisse zugeschnittene Ausr\u00fcstung zu liefern und so Ihre Arbeit f\u00fcr mehr Effizienz und Sicherheit zu optimieren. <\/span><\/p>\n<\/div><\/div>\n\n<div class=\"et_pb_module et_pb_button_module_wrapper et_pb_button_0_wrapper preset--module--divi-button--default_wrapper\"><a class=\"et_pb_button_0 et_pb_button et_pb_bg_layout_light et_pb_module et_flex_module preset--module--divi-button--default\" href=\"\">Angebot anfordern<\/a><\/div>\n<\/div>\n<\/div>\n<\/div>\n\n<div class=\"et_pb_section_1 et_pb_section et_section_regular et_block_section et_animated\">\n<div class=\"et_pb_row_1 et_pb_row et_flex_row\">\n<div class=\"et_pb_column_1 et_pb_column et-last-child et_flex_column et_pb_css_mix_blend_mode_passthrough et_flex_column_24_24 et_flex_column_24_24_tablet et_flex_column_24_24_phone et_flex_column_24_24_tabletWide\">\n<div class=\"et_pb_row_2 et_pb_row et_pb_row_nested et_block_row\">\n<div class=\"et_pb_column_2 et_pb_column et_pb_column_4_4 et-last-child et_block_column et_pb_css_mix_blend_mode_passthrough\">\n<div class=\"et_pb_text_1 et_pb_text et_pb_bg_layout_light et_pb_module et_flex_module\"><div class=\"et_pb_text_inner\"><h2>Hochwertige Ausr\u00fcstung<\/h2>\n<\/div><\/div>\n<\/div>\n<\/div>\n\n<div class=\"et_pb_text_2 et_pb_text et_pb_bg_layout_light et_pb_module et_flex_module\"><div class=\"et_pb_text_inner\"><p>Als spezialisierter H\u00e4ndler w\u00e4hlen wir unsere Partner sorgf\u00e4ltig aus, um Ihnen langlebige Produkte anzubieten, die den Sicherheitsstandards entsprechen und eine optimale Leistung gew\u00e4hrleisten.<\/p>\n<p><span>Akteure aus Bauwesen, Industrie, Handwerk, Kommunen oder Eventmanagement \u2013 unsere Ausr\u00fcstung erf\u00fcllt die spezifischen Anforderungen Ihrer T\u00e4tigkeit. Wir unterst\u00fctzen Fachleute aus verschiedenen Branchen, um deren spezifische Bed\u00fcrfnisse zu erf\u00fcllen. <\/span><\/p>\n<\/div><\/div>\n<\/div>\n<\/div>\n\n<div class=\"et_pb_row_3 et_pb_row et_pb_gutters2 et_grid_row\">\n<div class=\"et_pb_column_3 et_pb_column et_block_column et_pb_css_mix_blend_mode_passthrough\">\n<div class=\"et_pb_blurb_0 et_pb_blurb et_pb_bg_layout_dark et_pb_blurb_position_top et_pb_module et_flex_module preset--module--divi-blurb--3560913a-92e1-4d74-832b-b1eabc47264c\"><div class=\"et_pb_blurb_content et_flex_module\"><div class=\"et_pb_blurb_container\"><h4 class=\"et_pb_module_header\">Bauwesen<\/h4><div class=\"et_pb_blurb_description\" data-et-mv-hidden-tablet=\"true\"><p><span>Angepasste L\u00f6sungen f\u00fcr <strong>Bau- und Renovierungsbaustellen<\/strong>, um sicher zu arbeiten und Ihre Abl\u00e4ufe zu optimieren.<\/span><\/p>\n<\/div><\/div><\/div><\/div>\n<\/div>\n\n<div class=\"et_pb_column_4 et_pb_column et_flex_column et_pb_css_mix_blend_mode_passthrough\">\n<div class=\"et_pb_blurb_1 et_pb_blurb et_pb_bg_layout_dark et_pb_blurb_position_top et_pb_module et_flex_module preset--module--divi-blurb--3560913a-92e1-4d74-832b-b1eabc47264c\"><div class=\"et_pb_blurb_content et_flex_module\"><div class=\"et_pb_blurb_container\"><h4 class=\"et_pb_module_header\">Industrie<\/h4><div class=\"et_pb_blurb_description\"><p><span>Robuste und zuverl\u00e4ssige Ausr\u00fcstung, um den reibungslosen Ablauf <strong>Ihrer industriellen Prozesse<\/strong> zu gew\u00e4hrleisten, selbst in den anspruchsvollsten Umgebungen<\/span><\/p>\n<\/div><\/div><\/div><\/div>\n<\/div>\n\n<div class=\"et_pb_column_5 et_pb_column et_flex_column et_pb_css_mix_blend_mode_passthrough\">\n<div class=\"et_pb_blurb_2 et_pb_blurb et_pb_bg_layout_dark et_pb_blurb_position_top et_pb_module et_flex_module preset--module--divi-blurb--3560913a-92e1-4d74-832b-b1eabc47264c\"><div class=\"et_pb_blurb_content et_flex_module\"><div class=\"et_pb_blurb_container\"><h4 class=\"et_pb_module_header\">Handwerk<\/h4><div class=\"et_pb_blurb_description\"><p><span>Ausr\u00fcstung, die darauf ausgelegt ist, <strong>Handwerker und kleine Unternehmen<\/strong> bei ihren Projekten praktisch und effizient zu unterst\u00fctzen.<\/span><\/p>\n<\/div><\/div><\/div><\/div>\n<\/div>\n\n<div class=\"et_pb_column_6 et_pb_column et_flex_column et_pb_css_mix_blend_mode_passthrough\">\n<div class=\"et_pb_blurb_3 et_pb_blurb et_pb_bg_layout_dark et_pb_blurb_position_top et_pb_module et_flex_module preset--module--divi-blurb--3560913a-92e1-4d74-832b-b1eabc47264c\"><div class=\"et_pb_blurb_content et_flex_module\"><div class=\"et_pb_blurb_container\"><h4 class=\"et_pb_module_header\">Kommunal<\/h4><div class=\"et_pb_blurb_description\"><p><span>Ausr\u00fcstung f\u00fcr <strong>Kommunen und \u00f6ffentliche Dienste<\/strong>, die sichere und funktionale Infrastrukturen f\u00f6rdert.<\/span><\/p>\n<\/div><\/div><\/div><\/div>\n<\/div>\n\n<div class=\"et_pb_column_7 et_pb_column et-last-child et_flex_column et_pb_css_mix_blend_mode_passthrough\">\n<div class=\"et_pb_blurb_4 et_pb_blurb et_pb_bg_layout_dark et_pb_text_align_center-phone et_pb_blurb_position_top et_pb_module et_flex_module preset--module--divi-blurb--3560913a-92e1-4d74-832b-b1eabc47264c\"><div class=\"et_pb_blurb_content et_flex_module\"><div class=\"et_pb_blurb_container\"><h4 class=\"et_pb_module_header\">Veranstaltungen<\/h4><div class=\"et_pb_blurb_description\"><p><span>Angepasste L\u00f6sungen, um die Sicherheit und <strong>die optimale Organisation Ihrer Veranstaltungen<\/strong> zu gew\u00e4hrleisten, unabh\u00e4ngig von deren Umfang und Komplexit\u00e4t.<\/span><\/p>\n<\/div><\/div><\/div><\/div>\n<\/div>\n<\/div>\n<\/div>\n\n<div class=\"et_pb_section_2 et_pb_section et_section_regular et_flex_section\">\n<div class=\"et_pb_row_4 et_pb_row et_flex_row\">\n<div class=\"et_pb_column_8 et_pb_column et-last-child et_flex_column et_pb_css_mix_blend_mode_passthrough et_flex_column_24_24 et_flex_column_24_24_tablet et_flex_column_24_24_phone et_flex_column_24_24_tabletWide\">\n<div class=\"et_pb_row_5 et_pb_row et_pb_row_nested et_flex_row\">\n<div class=\"et_pb_column_9 et_pb_column et-last-child et_flex_column et_pb_css_mix_blend_mode_passthrough et_flex_column_24_24 et_flex_column_24_24_tablet et_flex_column_24_24_phone et_flex_column_24_24_tabletWide\">\n<div class=\"et_pb_text_3 et_pb_text et_pb_bg_layout_light et_pb_module et_flex_module\"><div class=\"et_pb_text_inner\"><h3><span>Vertrauen Sie auf <strong>Equipements Pro Goedert<\/strong>, Ihren bevorzugten Partner f\u00fcr erstklassige professionelle Ausr\u00fcstung in Luxemburg.<\/span><\/h3>\n<\/div><\/div>\n<\/div>\n<\/div>\n<\/div>\n<\/div>\n<\/div>\n\n<div class=\"et_pb_section_3 et_pb_section et_section_regular et_block_section\" id=\"products\">\n<div class=\"et_pb_row_6 et_pb_row et_block_row\">\n<div class=\"et_pb_column_10 et_pb_column et_pb_column_4_4 et-last-child et_block_column et_pb_css_mix_blend_mode_passthrough\">\n<div class=\"et_pb_text_4 et_pb_text et_pb_bg_layout_light et_pb_module et_flex_module\"><div class=\"et_pb_text_inner\"><h2>UNSERE EXPERTISE<\/h2>\n<\/div><\/div>\n\n<div class=\"et_pb_text_5 et_pb_text et_pb_bg_layout_light et_pb_module et_flex_module\"><div class=\"et_pb_text_inner\"><p><span>Unsere Spezialisten f\u00fchren Sie durch die Welt der professionellen Bau- und Baustellenausr\u00fcstung. Wir bieten Ihnen eine breite Produktpalette an: <\/span><\/p>\n<\/div><\/div>\n<\/div>\n<\/div>\n\n<div class=\"et_pb_row_7 et_pb_row et_flex_row\">\n<div class=\"et_pb_column_11 et_pb_column et_flex_column et_pb_css_mix_blend_mode_passthrough et_flex_column_24_24 et_flex_column_24_24_tablet et_flex_column_24_24_phone et_flex_column_24_24_tabletWide\">\n<div class=\"et_pb_blurb_5 et_pb_blurb et_pb_bg_layout_dark et_pb_blurb_position_top et_pb_module et_flex_module preset--module--divi-blurb--3560913a-92e1-4d74-832b-b1eabc47264c\"><div class=\"et_pb_blurb_content et_flex_module\"><div class=\"et_pb_blurb_container\"><h4 class=\"et_pb_module_header\">Ger\u00fcste<\/h4><\/div><\/div><\/div>\n<\/div>\n\n<div class=\"et_pb_column_12 et_pb_column et_flex_column et_pb_css_mix_blend_mode_passthrough et_flex_column_24_24 et_flex_column_24_24_tablet et_flex_column_24_24_phone et_flex_column_24_24_tabletWide\">\n<div class=\"et_pb_blurb_6 et_pb_blurb et_pb_bg_layout_dark et_pb_blurb_position_top et_pb_module et_flex_module preset--module--divi-blurb--3560913a-92e1-4d74-832b-b1eabc47264c\"><div class=\"et_pb_blurb_content et_flex_module\"><div class=\"et_pb_blurb_container\"><h4 class=\"et_pb_module_header\">Container<\/h4><\/div><\/div><\/div>\n<\/div>\n\n<div class=\"et_pb_column_13 et_pb_column et_flex_column et_pb_css_mix_blend_mode_passthrough et_flex_column_24_24 et_flex_column_24_24_tablet et_flex_column_24_24_phone et_flex_column_24_24_tabletWide\">\n<div class=\"et_pb_blurb_7 et_pb_blurb et_pb_bg_layout_dark et_pb_blurb_position_top et_pb_module et_flex_module preset--module--divi-blurb--3560913a-92e1-4d74-832b-b1eabc47264c\"><div class=\"et_pb_blurb_content et_flex_module\"><div class=\"et_pb_blurb_container\"><h4 class=\"et_pb_module_header\">Pers\u00f6nliche Schutzausr\u00fcstung (PSA) und Arbeitskleidung<\/h4><\/div><\/div><\/div>\n<\/div>\n\n<div class=\"et_pb_column_14 et_pb_column et_flex_column et_pb_css_mix_blend_mode_passthrough et_flex_column_24_24 et_flex_column_24_24_tablet et_flex_column_24_24_phone et_flex_column_24_24_tabletWide\">\n<div class=\"et_pb_blurb_8 et_pb_blurb et_pb_bg_layout_dark et_pb_blurb_position_top et_pb_module et_flex_module preset--module--divi-blurb--3560913a-92e1-4d74-832b-b1eabc47264c\"><div class=\"et_pb_blurb_content et_flex_module\"><div class=\"et_pb_blurb_container\"><h4 class=\"et_pb_module_header\">Lastenaufz\u00fcge<\/h4><\/div><\/div><\/div>\n<\/div>\n\n<div class=\"et_pb_column_15 et_pb_column et_flex_column et_pb_css_mix_blend_mode_passthrough et_flex_column_24_24 et_flex_column_24_24_tablet et_flex_column_24_24_phone et_flex_column_24_24_tabletWide\">\n<div class=\"et_pb_blurb_9 et_pb_blurb et_pb_bg_layout_dark et_pb_blurb_position_top et_pb_module et_flex_module preset--module--divi-blurb--3560913a-92e1-4d74-832b-b1eabc47264c\"><div class=\"et_pb_blurb_content et_flex_module\"><div class=\"et_pb_blurb_container\"><h4 class=\"et_pb_module_header\">Baustellenbeschilderung und -sicherung<\/h4><\/div><\/div><\/div>\n<\/div>\n\n<div class=\"et_pb_column_16 et_pb_column et_flex_column et_pb_css_mix_blend_mode_passthrough et_flex_column_24_24 et_flex_column_24_24_tablet et_flex_column_24_24_phone et_flex_column_24_24_tabletWide\">\n<div class=\"et_pb_blurb_10 et_pb_blurb et_pb_bg_layout_dark et_pb_blurb_position_top et_pb_module et_flex_module preset--module--divi-blurb--3560913a-92e1-4d74-832b-b1eabc47264c\"><div class=\"et_pb_blurb_content et_flex_module\"><div class=\"et_pb_blurb_container\"><h4 class=\"et_pb_module_header\">Stadtmobiliar<\/h4><\/div><\/div><\/div>\n<\/div>\n\n<div class=\"et_pb_column_17 et_pb_column et-last-child et_flex_column et_pb_css_mix_blend_mode_passthrough et_flex_column_24_24 et_flex_column_24_24_tablet et_flex_column_24_24_phone et_flex_column_24_24_tabletWide\">\n<div class=\"et_pb_blurb_11 et_pb_blurb et_pb_bg_layout_dark et_pb_blurb_position_top et_pb_module et_flex_module preset--module--divi-blurb--3560913a-92e1-4d74-832b-b1eabc47264c\"><div class=\"et_pb_blurb_content et_flex_module\"><div class=\"et_pb_blurb_container\"><h4 class=\"et_pb_module_header\">Leitern und Zubeh\u00f6r<\/h4><\/div><\/div><\/div>\n<\/div>\n<\/div>\n<\/div>\n\n<div class=\"et_pb_section_4 et_pb_section et_section_regular et_flex_section\">\n<div class=\"et_pb_row_8 et_pb_row et_flex_row\">\n<div class=\"et_pb_column_18 et_pb_column et-last-child et_flex_column et_pb_css_mix_blend_mode_passthrough et_flex_column_24_24 et_flex_column_24_24_tablet et_flex_column_24_24_phone et_flex_column_24_24_tabletWide\">\n<div class=\"et_pb_text_6 et_pb_text et_pb_bg_layout_light et_pb_module et_flex_module\"><div class=\"et_pb_text_inner\" data-et-mv-hidden-tablet=\"true\"><h3><span>Durch die Wahl unserer hochwertigen Ausr\u00fcstung und unserer Komplettl\u00f6sungen gew\u00e4hrleisten Sie <strong><span style=\"color: #f0dd59;\">sicherere, effizientere und erfolgreichere<\/span><\/strong> Baustellen.<\/span><\/h3>\n<\/div><\/div>\n<\/div>\n<\/div>\n<\/div>\n\n<div class=\"et_pb_section_5 et_pb_section et_section_regular et_block_section\">\n<div class=\"et_pb_row_9 et_pb_row et_block_row et_animated\">\n<div class=\"et_pb_column_19 et_pb_column et_pb_column_1_2 et_block_column et_pb_css_mix_blend_mode_passthrough\">\n<div class=\"et_pb_text_7 et_pb_text et_pb_bg_layout_light et_pb_module et_flex_module\"><div class=\"et_pb_text_inner\"><h3>UNSERE GESCHICHTE<\/h3>\n<\/div><\/div>\n\n<div class=\"et_pb_text_8 et_pb_text et_pb_bg_layout_light et_pb_module et_flex_module\"><div class=\"et_pb_text_inner\"><p>Gegr\u00fcndet im Jahr 2021 von <strong>Michel<\/strong> und <strong>J\u00e9r\u00e9my Goedert<\/strong>, entstand das Unternehmen <strong>Equipements Pro Goedert<\/strong> aus einer klaren Vision: <span style=\"color: #f0dd59;\">der wachsenden Marktnachfrage nach Ger\u00fcst- und Baustellenmaterial gerecht zu werden.<\/span><\/p>\n<p><strong>Michel Goedert<\/strong>, Gesch\u00e4ftsf\u00fchrer des Unternehmens <strong>Scafflayer<\/strong>, erkannte ein gro\u00dfes Potenzial f\u00fcr den Vertrieb erg\u00e4nzender Dienstleistungen im Zusammenhang mit Baustellen und Bauarbeiten.<\/p>\n<p>So entstand <strong>Equipements Pro Goedert<\/strong>, ein Unternehmen, das sich dem Verkauf und der Vermietung von Ger\u00fcst- und Baustellenmaterial widmet, mit der Mission, Fachleute durch das Angebot leistungsstarker und sicherer Ausr\u00fcstung zu unterst\u00fctzen.<\/p>\n<\/div><\/div>\n<\/div>\n\n<div class=\"et_pb_column_20 et_pb_column et_pb_column_1_2 et-last-child et_block_column et_pb_css_mix_blend_mode_passthrough\">\n<div class=\"et_pb_image_0 et_pb_image et_pb_module et_flex_module\"><a href=\"https:\/\/equipementsprogoedert.dev.apps.lu\/wp-content\/uploads\/histoire_1.jpg\" class=\"et_pb_lightbox_image\"><span class=\"et_pb_image_wrap\"><img loading=\"lazy\" decoding=\"async\" src=\"https:\/\/equipementsprogoedert.dev.apps.lu\/wp-content\/uploads\/histoire_1.jpg\" width=\"532\" height=\"377\" srcset=\"https:\/\/equipementsprogoedert.dev.apps.lu\/wp-content\/uploads\/histoire_1.jpg 532w, https:\/\/equipementsprogoedert.dev.apps.lu\/wp-content\/uploads\/histoire_1-480x340.jpg 480w\" sizes=\"(min-width: 0px) and (max-width: 480px) 480px, (min-width: 481px) 532px, 100vw\" class=\"wp-image-297\" \/><\/span><\/a><\/div>\n<\/div>\n<\/div>\n<\/div>","protected":false},"excerpt":{"rendered":"","protected":false},"author":1,"featured_media":0,"parent":0,"menu_order":0,"comment_status":"closed","ping_status":"closed","template":"","meta":{"footnotes":""},"class_list":["post-481","page","type-page","status-publish","hentry"],"yoast_head":"<!-- This site is optimized with the Yoast SEO plugin v27.3 - https:\/\/yoast.com\/product\/yoast-seo-wordpress\/ -->\n<title>Startseite - Equipements Pro Goedert<\/title>\n<meta name=\"robots\" content=\"noindex, follow, max-snippet:-1, max-image-preview:large, max-video-preview:-1\" \/>\n<meta property=\"og:locale\" content=\"de_DE\" \/>\n<meta property=\"og:type\" content=\"article\" \/>\n<meta property=\"og:title\" content=\"Startseite - Equipements Pro Goedert\" \/>\n<meta property=\"og:url\" content=\"https:\/\/equipementsprogoedert.dev.apps.lu\/de\/\" \/>\n<meta property=\"og:site_name\" content=\"Equipements Pro Goedert\" \/>\n<meta property=\"article:modified_time\" content=\"2025-09-22T14:20:35+00:00\" \/>\n<meta name=\"twitter:card\" content=\"summary_large_image\" \/>\n<script type=\"application\/ld+json\" class=\"yoast-schema-graph\">{\"@context\":\"https:\\\/\\\/schema.org\",\"@graph\":[{\"@type\":\"WebPage\",\"@id\":\"https:\\\/\\\/equipementsprogoedert.dev.apps.lu\\\/de\\\/\",\"url\":\"https:\\\/\\\/equipementsprogoedert.dev.apps.lu\\\/de\\\/\",\"name\":\"Startseite - Equipements Pro Goedert\",\"isPartOf\":{\"@id\":\"https:\\\/\\\/equipementsprogoedert.dev.apps.lu\\\/de\\\/#website\"},\"datePublished\":\"2025-05-05T08:16:05+00:00\",\"dateModified\":\"2025-09-22T14:20:35+00:00\",\"breadcrumb\":{\"@id\":\"https:\\\/\\\/equipementsprogoedert.dev.apps.lu\\\/de\\\/#breadcrumb\"},\"inLanguage\":\"de\",\"potentialAction\":[{\"@type\":\"ReadAction\",\"target\":[\"https:\\\/\\\/equipementsprogoedert.dev.apps.lu\\\/de\\\/\"]}]},{\"@type\":\"BreadcrumbList\",\"@id\":\"https:\\\/\\\/equipementsprogoedert.dev.apps.lu\\\/de\\\/#breadcrumb\",\"itemListElement\":[{\"@type\":\"ListItem\",\"position\":1,\"name\":\"Startseite\",\"item\":\"https:\\\/\\\/equipementsprogoedert.dev.apps.lu\\\/de\\\/\"},{\"@type\":\"ListItem\",\"position\":2,\"name\":\"Startseite\"}]},{\"@type\":\"WebSite\",\"@id\":\"https:\\\/\\\/equipementsprogoedert.dev.apps.lu\\\/de\\\/#website\",\"url\":\"https:\\\/\\\/equipementsprogoedert.dev.apps.lu\\\/de\\\/\",\"name\":\"Equipements Pro Goedert\",\"description\":\"\",\"publisher\":{\"@id\":\"https:\\\/\\\/equipementsprogoedert.dev.apps.lu\\\/de\\\/#organization\"},\"potentialAction\":[{\"@type\":\"SearchAction\",\"target\":{\"@type\":\"EntryPoint\",\"urlTemplate\":\"https:\\\/\\\/equipementsprogoedert.dev.apps.lu\\\/de\\\/?s={search_term_string}\"},\"query-input\":{\"@type\":\"PropertyValueSpecification\",\"valueRequired\":true,\"valueName\":\"search_term_string\"}}],\"inLanguage\":\"de\"},{\"@type\":\"Organization\",\"@id\":\"https:\\\/\\\/equipementsprogoedert.dev.apps.lu\\\/de\\\/#organization\",\"name\":\"Equipements Pro Goedert\",\"url\":\"https:\\\/\\\/equipementsprogoedert.dev.apps.lu\\\/de\\\/\",\"logo\":{\"@type\":\"ImageObject\",\"inLanguage\":\"de\",\"@id\":\"https:\\\/\\\/equipementsprogoedert.dev.apps.lu\\\/de\\\/#\\\/schema\\\/logo\\\/image\\\/\",\"url\":\"https:\\\/\\\/equipementsprogoedert.dev.apps.lu\\\/wp-content\\\/uploads\\\/2025\\\/05\\\/image-6-scaled.png\",\"contentUrl\":\"https:\\\/\\\/equipementsprogoedert.dev.apps.lu\\\/wp-content\\\/uploads\\\/2025\\\/05\\\/image-6-scaled.png\",\"width\":2560,\"height\":698,\"caption\":\"Equipements Pro Goedert\"},\"image\":{\"@id\":\"https:\\\/\\\/equipementsprogoedert.dev.apps.lu\\\/de\\\/#\\\/schema\\\/logo\\\/image\\\/\"}}]}<\/script>\n<!-- \/ Yoast SEO plugin. -->","yoast_head_json":{"title":"Startseite - Equipements Pro Goedert","robots":{"index":"noindex","follow":"follow","max-snippet":"max-snippet:-1","max-image-preview":"max-image-preview:large","max-video-preview":"max-video-preview:-1"},"og_locale":"de_DE","og_type":"article","og_title":"Startseite - Equipements Pro Goedert","og_url":"https:\/\/equipementsprogoedert.dev.apps.lu\/de\/","og_site_name":"Equipements Pro Goedert","article_modified_time":"2025-09-22T14:20:35+00:00","twitter_card":"summary_large_image","schema":{"@context":"https:\/\/schema.org","@graph":[{"@type":"WebPage","@id":"https:\/\/equipementsprogoedert.dev.apps.lu\/de\/","url":"https:\/\/equipementsprogoedert.dev.apps.lu\/de\/","name":"Startseite - Equipements Pro Goedert","isPartOf":{"@id":"https:\/\/equipementsprogoedert.dev.apps.lu\/de\/#website"},"datePublished":"2025-05-05T08:16:05+00:00","dateModified":"2025-09-22T14:20:35+00:00","breadcrumb":{"@id":"https:\/\/equipementsprogoedert.dev.apps.lu\/de\/#breadcrumb"},"inLanguage":"de","potentialAction":[{"@type":"ReadAction","target":["https:\/\/equipementsprogoedert.dev.apps.lu\/de\/"]}]},{"@type":"BreadcrumbList","@id":"https:\/\/equipementsprogoedert.dev.apps.lu\/de\/#breadcrumb","itemListElement":[{"@type":"ListItem","position":1,"name":"Startseite","item":"https:\/\/equipementsprogoedert.dev.apps.lu\/de\/"},{"@type":"ListItem","position":2,"name":"Startseite"}]},{"@type":"WebSite","@id":"https:\/\/equipementsprogoedert.dev.apps.lu\/de\/#website","url":"https:\/\/equipementsprogoedert.dev.apps.lu\/de\/","name":"Equipements Pro Goedert","description":"","publisher":{"@id":"https:\/\/equipementsprogoedert.dev.apps.lu\/de\/#organization"},"potentialAction":[{"@type":"SearchAction","target":{"@type":"EntryPoint","urlTemplate":"https:\/\/equipementsprogoedert.dev.apps.lu\/de\/?s={search_term_string}"},"query-input":{"@type":"PropertyValueSpecification","valueRequired":true,"valueName":"search_term_string"}}],"inLanguage":"de"},{"@type":"Organization","@id":"https:\/\/equipementsprogoedert.dev.apps.lu\/de\/#organization","name":"Equipements Pro Goedert","url":"https:\/\/equipementsprogoedert.dev.apps.lu\/de\/","logo":{"@type":"ImageObject","inLanguage":"de","@id":"https:\/\/equipementsprogoedert.dev.apps.lu\/de\/#\/schema\/logo\/image\/","url":"https:\/\/equipementsprogoedert.dev.apps.lu\/wp-content\/uploads\/2025\/05\/image-6-scaled.png","contentUrl":"https:\/\/equipementsprogoedert.dev.apps.lu\/wp-content\/uploads\/2025\/05\/image-6-scaled.png","width":2560,"height":698,"caption":"Equipements Pro Goedert"},"image":{"@id":"https:\/\/equipementsprogoedert.dev.apps.lu\/de\/#\/schema\/logo\/image\/"}}]}},"_links":{"self":[{"href":"https:\/\/equipementsprogoedert.dev.apps.lu\/de\/wp-json\/wp\/v2\/pages\/481","targetHints":{"allow":["GET"]}}],"collection":[{"href":"https:\/\/equipementsprogoedert.dev.apps.lu\/de\/wp-json\/wp\/v2\/pages"}],"about":[{"href":"https:\/\/equipementsprogoedert.dev.apps.lu\/de\/wp-json\/wp\/v2\/types\/page"}],"author":[{"embeddable":true,"href":"https:\/\/equipementsprogoedert.dev.apps.lu\/de\/wp-json\/wp\/v2\/users\/1"}],"replies":[{"embeddable":true,"href":"https:\/\/equipementsprogoedert.dev.apps.lu\/de\/wp-json\/wp\/v2\/comments?post=481"}],"version-history":[{"count":0,"href":"https:\/\/equipementsprogoedert.dev.apps.lu\/de\/wp-json\/wp\/v2\/pages\/481\/revisions"}],"wp:attachment":[{"href":"https:\/\/equipementsprogoedert.dev.apps.lu\/de\/wp-json\/wp\/v2\/media?parent=481"}],"curies":[{"name":"wp","href":"https:\/\/api.w.org\/{rel}","templated":true}]}}